{"id":21,"date":"2013-08-23T15:17:14","date_gmt":"2013-08-23T15:17:14","guid":{"rendered":"http:\/\/ludwyconcept.com\/islg\/?page_id=21"},"modified":"2023-06-06T10:47:12","modified_gmt":"2023-06-06T14:47:12","slug":"contacter-lislg","status":"publish","type":"page","link":"\/site\/contacter-lislg\/","title":{"rendered":"Contacter l&rsquo;ISLG"},"content":{"rendered":"\n<p><strong>VOICI LES COORDONN\u00c9ES DE L&rsquo;\u00c9COLE&nbsp;:<\/strong><\/p>\n\n\n\n<p>Institution Saint-Louis de Gonzague<br>Delmas 31-33<br>Port-au-Prince, Haiti<\/p>\n\n\n\n<p>T\u00e9l: 50946153637<br><a href=\"mailto:?to=slgd3133@yahoo.fr,slgd3133@gmail.com,islghaiti@gmail.com\">Contactez-nous par Email:<\/a> slgd3133@yahoo.fr \/ slgd3133@gmail.com<\/p>\n\n\n\n<p><strong><br>Le secr\u00e9tariat est ouvert durant tous les jours acad\u00e9mique: <\/strong><\/p>\n\n\n\n<ul class=\"wp-block-list\"><li>De 7h30 am \u00e0 3h30 PM<\/li><\/ul>\n\n\n\n<div class=\"mapouter\"><div class=\"gmap_canvas\"><iframe class=\"gmap_iframe\" width=\"100%\" frameborder=\"0\" scrolling=\"no\" marginheight=\"0\" marginwidth=\"0\" src=\"https:\/\/maps.google.com\/maps?width=600&amp;height=400&amp;hl=en&amp;q=Institution Saint-Louis de Gonzague&amp;t=&amp;z=14&amp;ie=UTF8&amp;iwloc=B&amp;output=embed\"><\/iframe><a href=\"https:\/\/capcuttemplate.org\/\">Capcut Templates<\/a><\/div><style>.mapouter{position:relative;text-align:right;width:100%;height:400px;}.gmap_canvas {overflow:hidden;background:none!important;width:100%;height:400px;}.gmap_iframe {height:400px!important;}<\/style><\/div>\n\n\n\n<p class=\"has-text-align-center\">En cas de questions ou plus d&rsquo;informations, passez-nous voir \u00e0 l&rsquo;adresse indiqu\u00e9e ou \u00e9crivez-nous via internet.<\/p>\n<div class=\"pld-like-dislike-wrap pld-template-1\">\r\n    <div class=\"pld-like-wrap  pld-common-wrap\">\r\n    <a href=\"javascript:void(0)\" class=\"pld-like-trigger pld-like-dislike-trigger  \" title=\"J&#039;aime\" data-post-id=\"21\" data-trigger-type=\"like\" data-restriction=\"cookie\" data-already-liked=\"0\">\r\n                        <i class=\"fas fa-thumbs-up\"><\/i>\r\n                <\/a>\r\n    <span class=\"pld-like-count-wrap pld-count-wrap\">1    <\/span>\r\n<\/div><div class=\"pld-dislike-wrap  pld-common-wrap\">\r\n    <a href=\"javascript:void(0)\" class=\"pld-dislike-trigger pld-like-dislike-trigger  \" title=\"Je n&#039;aime pas\" data-post-id=\"21\" data-trigger-type=\"dislike\" data-restriction=\"cookie\" data-already-liked=\"0\">\r\n                        <i class=\"fas fa-thumbs-down\"><\/i>\r\n                <\/a>\r\n    <span class=\"pld-dislike-count-wrap pld-count-wrap\">0<\/span>\r\n<\/div><\/div>","protected":false},"excerpt":{"rendered":"<p>VOICI LES COORDONN\u00c9ES DE L&rsquo;\u00c9COLE&nbsp;: Capcut Templates En cas de questions ou plus d&rsquo;informations, passez-nous voir \u00e0 l&rsquo;adresse indiqu\u00e9e ou \u00e9crivez-nous via internet. 1 0<\/p>\n","protected":false},"author":15,"featured_media":0,"parent":0,"menu_order":0,"comment_status":"closed","ping_status":"closed","template":"","meta":{"_eb_attr":"","footnotes":""},"class_list":["post-21","page","type-page","status-publish","hentry"],"_links":{"self":[{"href":"\/site\/wp-json\/wp\/v2\/pages\/21","targetHints":{"allow":["GET"]}}],"collection":[{"href":"\/site\/wp-json\/wp\/v2\/pages"}],"about":[{"href":"\/site\/wp-json\/wp\/v2\/types\/page"}],"author":[{"embeddable":true,"href":"\/site\/wp-json\/wp\/v2\/users\/15"}],"replies":[{"embeddable":true,"href":"\/site\/wp-json\/wp\/v2\/comments?post=21"}],"version-history":[{"count":6,"href":"\/site\/wp-json\/wp\/v2\/pages\/21\/revisions"}],"predecessor-version":[{"id":5326,"href":"\/site\/wp-json\/wp\/v2\/pages\/21\/revisions\/5326"}],"wp:attachment":[{"href":"\/site\/wp-json\/wp\/v2\/media?parent=21"}],"curies":[{"name":"wp","href":"https:\/\/api.w.org\/{rel}","templated":true}]}}