{"id":2590,"date":"2019-10-16T10:56:43","date_gmt":"2019-10-16T15:56:43","guid":{"rendered":"http:\/\/islghaiti.org\/site\/?page_id=2590"},"modified":"2019-10-16T10:56:43","modified_gmt":"2019-10-16T15:56:43","slug":"revisions","status":"publish","type":"page","link":"\/site\/revisions\/","title":{"rendered":"R\u00e9visions"},"content":{"rendered":"<p style=\"background-color: #bdf2cd; border-radius: 10px; -moz-border-radius: 10px; -webkit-border-radius: 10px; border: 2px solid #B8CB99; padding: 5px;\"><strong><a href=\"http:\/\/islghaiti.org\/site\/wp-content\/uploads\/2016\/10\/Slg_logo_100.png\" data-rel=\"lightbox-image-0\" data-rl_title=\"\" data-rl_caption=\"\" title=\"\"><img loading=\"lazy\" decoding=\"async\" class=\" wp-image-842 alignleft\" src=\"http:\/\/islghaiti.org\/site\/wp-content\/uploads\/2016\/10\/Slg_logo_100.png\" alt=\"slg_logo_100\" width=\"32\" height=\"43\" \/><\/a>Proposition de r\u00e9visions par ann\u00e9e<br \/>\nR\u00e9visions de pr\u00e9scolaire (Extraits du curriculum)<\/strong><\/p>\n<div class=\"page\" title=\"Page 1\"><\/div>\n<ul>\n<li style=\"text-align: left;\"><a href=\"http:\/\/islghaiti.org\/site\/wp-content\/uploads\/2019\/10\/R\u00e9visions-pour-1AF.pdf\">R\u00e9visions pour 1AF.pdf<\/a><a href=\"http:\/\/islghaiti.org\/site\/wp-content\/uploads\/2019\/10\/R\u00e9visions-pour-1AF.pdf\"><img loading=\"lazy\" decoding=\"async\" class=\"alignnone wp-image-1891\" src=\"http:\/\/islghaiti.org\/site\/wp-content\/uploads\/2017\/10\/LogoPDF-300x296.png\" alt=\"PLANNING 1AF 19-20\" width=\"32\" height=\"32\" srcset=\"https:\/\/islghaiti.org\/site\/wp-content\/uploads\/2017\/10\/LogoPDF-300x296.png 300w, https:\/\/islghaiti.org\/site\/wp-content\/uploads\/2017\/10\/LogoPDF-150x150.png 150w, https:\/\/islghaiti.org\/site\/wp-content\/uploads\/2017\/10\/LogoPDF.png 338w\" sizes=\"auto, (max-width: 32px) 100vw, 32px\" \/><\/a>\u00a0<a href=\"http:\/\/islghaiti.org\/site\/wp-content\/uploads\/2019\/10\/R\u00e9visions-pour-1AF.pdf\"><span style=\"color: #008080;\"><i>Ouvrir<\/i><\/span><\/a><\/li>\n<li style=\"text-align: left;\"><span style=\"color: #ff0000;\"><a href=\"http:\/\/islghaiti.org\/site\/wp-content\/uploads\/2019\/10\/R\u00e9visions-pour-2AF.pdf\">R\u00e9visions pour 2AF.pdf<\/a><a href=\"http:\/\/islghaiti.org\/site\/wp-content\/uploads\/2019\/10\/R\u00e9visions-pour-2AF.pdf\"><img loading=\"lazy\" decoding=\"async\" class=\"alignnone wp-image-1891\" src=\"http:\/\/islghaiti.org\/site\/wp-content\/uploads\/2017\/10\/LogoPDF-300x296.png\" alt=\"2AF 2019-2020 ETAPE 1-2\" width=\"32\" height=\"32\" srcset=\"https:\/\/islghaiti.org\/site\/wp-content\/uploads\/2017\/10\/LogoPDF-300x296.png 300w, https:\/\/islghaiti.org\/site\/wp-content\/uploads\/2017\/10\/LogoPDF-150x150.png 150w, https:\/\/islghaiti.org\/site\/wp-content\/uploads\/2017\/10\/LogoPDF.png 338w\" sizes=\"auto, (max-width: 32px) 100vw, 32px\" \/><\/a>\u00a0<\/span><a href=\"http:\/\/islghaiti.org\/site\/wp-content\/uploads\/2019\/10\/R\u00e9visions-pour-2AF.pdf\"><span style=\"color: #ff0000;\"><span style=\"color: #008080;\"><i>Ouvrir<\/i><\/span><\/span><\/a><\/li>\n<li style=\"text-align: left;\"><span style=\"color: #ff0000;\"><a href=\"http:\/\/islghaiti.org\/site\/wp-content\/uploads\/2019\/10\/R\u00e9visions-pour-3AF.pdf\">R\u00e9visions pour 3AF.pdf<\/a><a href=\"http:\/\/islghaiti.org\/site\/wp-content\/uploads\/2019\/10\/R\u00e9visions-pour-3AF.pdf\"><img loading=\"lazy\" decoding=\"async\" class=\"alignnone wp-image-1891\" src=\"http:\/\/islghaiti.org\/site\/wp-content\/uploads\/2017\/10\/LogoPDF-300x296.png\" alt=\"3AF 2019-2020 Etape 1-2\" width=\"32\" height=\"32\" srcset=\"https:\/\/islghaiti.org\/site\/wp-content\/uploads\/2017\/10\/LogoPDF-300x296.png 300w, https:\/\/islghaiti.org\/site\/wp-content\/uploads\/2017\/10\/LogoPDF-150x150.png 150w, https:\/\/islghaiti.org\/site\/wp-content\/uploads\/2017\/10\/LogoPDF.png 338w\" sizes=\"auto, (max-width: 32px) 100vw, 32px\" \/><\/a>\u00a0<\/span><a href=\"http:\/\/islghaiti.org\/site\/wp-content\/uploads\/2019\/10\/R\u00e9visions-pour-3AF.pdf\"><span style=\"color: #ff0000;\"><span style=\"color: #008080;\"><i>Ouvrir<\/i><\/span><\/span><\/a><\/li>\n<li style=\"text-align: left;\"><span style=\"color: #ff0000;\"><a href=\"http:\/\/islghaiti.org\/site\/wp-content\/uploads\/2019\/10\/R\u00e9visions-pour-4AF.pdf\">R\u00e9visions pour 4AF.pdf<\/a> <a href=\"http:\/\/islghaiti.org\/site\/wp-content\/uploads\/2019\/10\/R\u00e9visions-pour-4AF.pdf\"><img loading=\"lazy\" decoding=\"async\" class=\"alignnone wp-image-1891\" src=\"http:\/\/islghaiti.org\/site\/wp-content\/uploads\/2017\/10\/LogoPDF-300x296.png\" alt=\"4AF 2019-2020\" width=\"32\" height=\"32\" srcset=\"https:\/\/islghaiti.org\/site\/wp-content\/uploads\/2017\/10\/LogoPDF-300x296.png 300w, https:\/\/islghaiti.org\/site\/wp-content\/uploads\/2017\/10\/LogoPDF-150x150.png 150w, https:\/\/islghaiti.org\/site\/wp-content\/uploads\/2017\/10\/LogoPDF.png 338w\" sizes=\"auto, (max-width: 32px) 100vw, 32px\" \/><\/a>\u00a0<\/span><a href=\"http:\/\/islghaiti.org\/site\/wp-content\/uploads\/2019\/10\/R\u00e9visions-pour-4AF.pdf\"><span style=\"color: #ff0000;\"><span style=\"color: #008080;\"><i>Ouvrir<\/i><\/span><\/span><\/a><\/li>\n<li style=\"text-align: left;\"><span style=\"color: #ff0000;\"><a href=\"http:\/\/islghaiti.org\/site\/wp-content\/uploads\/2019\/09\/PLANNING-2AF-2019-2020-ETAPE-1-2.pdf\">R\u00e9visions pour 5AF.pdf<\/a><a href=\"http:\/\/islghaiti.org\/site\/wp-content\/uploads\/2019\/10\/R\u00e9visions-pour-5AF.pdf\"><img loading=\"lazy\" decoding=\"async\" class=\"alignnone wp-image-1891\" src=\"http:\/\/islghaiti.org\/site\/wp-content\/uploads\/2017\/10\/LogoPDF-300x296.png\" alt=\"5AF 2019-2020\" width=\"32\" height=\"32\" srcset=\"https:\/\/islghaiti.org\/site\/wp-content\/uploads\/2017\/10\/LogoPDF-300x296.png 300w, https:\/\/islghaiti.org\/site\/wp-content\/uploads\/2017\/10\/LogoPDF-150x150.png 150w, https:\/\/islghaiti.org\/site\/wp-content\/uploads\/2017\/10\/LogoPDF.png 338w\" sizes=\"auto, (max-width: 32px) 100vw, 32px\" \/><\/a>\u00a0<\/span><a href=\"http:\/\/islghaiti.org\/site\/wp-content\/uploads\/2019\/10\/R\u00e9visions-pour-5AF.pdf\"><span style=\"color: #ff0000;\"><span style=\"color: #008080;\"><i>Ouvrir<\/i><\/span><\/span><\/a><\/li>\n<li style=\"text-align: left;\"><span style=\"color: #ff0000;\"><span style=\"color: #ff0000;\"><a href=\"http:\/\/islghaiti.org\/site\/wp-content\/uploads\/2019\/10\/R\u00e9visions-pour-6AF.pdf\">R\u00e9visions pour 6AF.pdf<\/a> <\/span><a style=\"color: #ff0000;\" href=\"http:\/\/islghaiti.org\/site\/wp-content\/uploads\/2017\/10\/LogoPDF.png\" data-rel=\"lightbox-image-1\" data-rl_title=\"\" data-rl_caption=\"\" title=\"\">\u00a0<\/a><a href=\"http:\/\/islghaiti.org\/site\/wp-content\/uploads\/2019\/10\/R\u00e9visions-pour-6AF.pdf\"><img loading=\"lazy\" decoding=\"async\" class=\"alignnone wp-image-1891\" src=\"http:\/\/islghaiti.org\/site\/wp-content\/uploads\/2017\/10\/LogoPDF-300x296.png\" alt=\"6AF_2019-2020 Etape 1-2\" width=\"32\" height=\"32\" srcset=\"https:\/\/islghaiti.org\/site\/wp-content\/uploads\/2017\/10\/LogoPDF-300x296.png 300w, https:\/\/islghaiti.org\/site\/wp-content\/uploads\/2017\/10\/LogoPDF-150x150.png 150w, https:\/\/islghaiti.org\/site\/wp-content\/uploads\/2017\/10\/LogoPDF.png 338w\" sizes=\"auto, (max-width: 32px) 100vw, 32px\" \/><\/a><a href=\"http:\/\/islghaiti.org\/site\/wp-content\/uploads\/2019\/10\/R\u00e9visions-pour-6AF.pdf\"><span style=\"color: #008080;\"><i>Ouvrir<\/i><\/span><\/a><\/span><\/li>\n<\/ul>\n<div class=\"pld-like-dislike-wrap pld-template-1\">\r\n    <div class=\"pld-like-wrap  pld-common-wrap\">\r\n    <a href=\"javascript:void(0)\" class=\"pld-like-trigger pld-like-dislike-trigger  \" title=\"J&#039;aime\" data-post-id=\"2590\" data-trigger-type=\"like\" data-restriction=\"cookie\" data-already-liked=\"0\">\r\n                        <i class=\"fas fa-thumbs-up\"><\/i>\r\n                <\/a>\r\n    <span class=\"pld-like-count-wrap pld-count-wrap\">0    <\/span>\r\n<\/div><div class=\"pld-dislike-wrap  pld-common-wrap\">\r\n    <a href=\"javascript:void(0)\" class=\"pld-dislike-trigger pld-like-dislike-trigger  \" title=\"Je n&#039;aime pas\" data-post-id=\"2590\" data-trigger-type=\"dislike\" data-restriction=\"cookie\" data-already-liked=\"0\">\r\n                        <i class=\"fas fa-thumbs-down\"><\/i>\r\n                <\/a>\r\n    <span class=\"pld-dislike-count-wrap pld-count-wrap\">0<\/span>\r\n<\/div><\/div>","protected":false},"excerpt":{"rendered":"<p>Proposition de r\u00e9visions par ann\u00e9e R\u00e9visions de pr\u00e9scolaire (Extraits du curriculum) R\u00e9visions pour 1AF.pdf\u00a0Ouvrir R\u00e9visions pour 2AF.pdf\u00a0Ouvrir R\u00e9visions pour 3AF.pdf\u00a0Ouvrir R\u00e9visions pour 4AF.pdf \u00a0Ouvrir R\u00e9visions pour 5AF.pdf\u00a0Ouvrir R\u00e9visions pour 6AF.pdf \u00a0Ouvrir 0 0<\/p>\n","protected":false},"author":16,"featured_media":2593,"parent":0,"menu_order":0,"comment_status":"closed","ping_status":"closed","template":"","meta":{"_eb_attr":"","footnotes":""},"class_list":["post-2590","page","type-page","status-publish","has-post-thumbnail","hentry"],"_links":{"self":[{"href":"\/site\/wp-json\/wp\/v2\/pages\/2590","targetHints":{"allow":["GET"]}}],"collection":[{"href":"\/site\/wp-json\/wp\/v2\/pages"}],"about":[{"href":"\/site\/wp-json\/wp\/v2\/types\/page"}],"author":[{"embeddable":true,"href":"\/site\/wp-json\/wp\/v2\/users\/16"}],"replies":[{"embeddable":true,"href":"\/site\/wp-json\/wp\/v2\/comments?post=2590"}],"version-history":[{"count":0,"href":"\/site\/wp-json\/wp\/v2\/pages\/2590\/revisions"}],"wp:featuredmedia":[{"embeddable":true,"href":"\/site\/wp-json\/wp\/v2\/media\/2593"}],"wp:attachment":[{"href":"\/site\/wp-json\/wp\/v2\/media?parent=2590"}],"curies":[{"name":"wp","href":"https:\/\/api.w.org\/{rel}","templated":true}]}}