{"id":30,"date":"2013-08-23T15:26:04","date_gmt":"2013-08-23T15:26:04","guid":{"rendered":"http:\/\/ludwyconcept.com\/islg\/?page_id=30"},"modified":"2023-05-23T10:41:03","modified_gmt":"2023-05-23T14:41:03","slug":"galerie-photos","status":"publish","type":"page","link":"\/site\/galerie-photos\/","title":{"rendered":"Galerie photos"},"content":{"rendered":"\n<p><strong>Weekend inter-\u00e9coles FIC en Ha\u00efti pour f\u00eater les 200 ans<\/strong><\/p>\n\n\n<div class=\"rl-gallery-container rl-loading\" id=\"rl-gallery-container-1\" data-gallery_id=\"3816\"> <div class=\"rl-gallery rl-basicgrid-gallery rl-hover-effect-1 rl-hover-icon-2\" id=\"rl-gallery-1\" data-gallery_no=\"1\"> <div class=\"rl-gallery-item\"><a href=\"https:\/\/islghaiti.org\/site\/wp-content\/uploads\/2019\/05\/IMG_9682-1.jpg\" title=\"\" data-rl_title=\"\" class=\"rl-gallery-link\" data-rl_caption=\"\" data-rel=\"lightbox-gallery-1\"><img loading=\"lazy\" decoding=\"async\" src=\"https:\/\/islghaiti.org\/site\/wp-content\/uploads\/2019\/05\/IMG_9682-1-150x150.jpg\" width=\"150\" height=\"150\" alt=\"\"\/><\/a><\/div><div class=\"rl-gallery-item\"><a href=\"https:\/\/islghaiti.org\/site\/wp-content\/uploads\/2019\/05\/IMG_9722.jpg\" title=\"\" data-rl_title=\"\" class=\"rl-gallery-link\" data-rl_caption=\"\" data-rel=\"lightbox-gallery-1\"><img loading=\"lazy\" decoding=\"async\" src=\"https:\/\/islghaiti.org\/site\/wp-content\/uploads\/2019\/05\/IMG_9722-150x150.jpg\" width=\"150\" height=\"150\" alt=\"\"\/><\/a><\/div><div class=\"rl-gallery-item\"><a href=\"https:\/\/islghaiti.org\/site\/wp-content\/uploads\/2019\/05\/IMG_9692.jpg\" title=\"\" data-rl_title=\"\" class=\"rl-gallery-link\" data-rl_caption=\"\" data-rel=\"lightbox-gallery-1\"><img loading=\"lazy\" decoding=\"async\" src=\"https:\/\/islghaiti.org\/site\/wp-content\/uploads\/2019\/05\/IMG_9692-150x150.jpg\" width=\"150\" height=\"150\" alt=\"\"\/><\/a><\/div><div class=\"rl-gallery-item\"><a href=\"https:\/\/islghaiti.org\/site\/wp-content\/uploads\/2019\/05\/IMG_9687.jpg\" title=\"\" data-rl_title=\"\" class=\"rl-gallery-link\" data-rl_caption=\"\" data-rel=\"lightbox-gallery-1\"><img loading=\"lazy\" decoding=\"async\" src=\"https:\/\/islghaiti.org\/site\/wp-content\/uploads\/2019\/05\/IMG_9687-150x150.jpg\" width=\"150\" height=\"150\" alt=\"\"\/><\/a><\/div><div class=\"rl-gallery-item\"><a href=\"https:\/\/islghaiti.org\/site\/wp-content\/uploads\/2019\/05\/IMG_9720.JPG.sb-bf5c32c6-lMnzy9-1.jpg\" title=\"\" data-rl_title=\"\" class=\"rl-gallery-link\" data-rl_caption=\"\" data-rel=\"lightbox-gallery-1\"><img loading=\"lazy\" decoding=\"async\" src=\"https:\/\/islghaiti.org\/site\/wp-content\/uploads\/2019\/05\/IMG_9720.JPG.sb-bf5c32c6-lMnzy9-1-150x150.jpg\" width=\"150\" height=\"150\" alt=\"\"\/><\/a><\/div><div class=\"rl-gallery-item\"><a href=\"https:\/\/islghaiti.org\/site\/wp-content\/uploads\/2019\/05\/IMG_9719-1.jpg\" title=\"\" data-rl_title=\"\" class=\"rl-gallery-link\" data-rl_caption=\"\" data-rel=\"lightbox-gallery-1\"><img loading=\"lazy\" decoding=\"async\" src=\"https:\/\/islghaiti.org\/site\/wp-content\/uploads\/2019\/05\/IMG_9719-1-150x150.jpg\" width=\"150\" height=\"150\" alt=\"\"\/><\/a><\/div><div class=\"rl-gallery-item\"><a href=\"https:\/\/islghaiti.org\/site\/wp-content\/uploads\/2019\/05\/IMG_9691-1.jpg\" title=\"\" data-rl_title=\"\" class=\"rl-gallery-link\" data-rl_caption=\"\" data-rel=\"lightbox-gallery-1\"><img loading=\"lazy\" decoding=\"async\" src=\"https:\/\/islghaiti.org\/site\/wp-content\/uploads\/2019\/05\/IMG_9691-1-150x150.jpg\" width=\"150\" height=\"150\" alt=\"\"\/><\/a><\/div><div class=\"rl-gallery-item\"><a href=\"https:\/\/islghaiti.org\/site\/wp-content\/uploads\/2019\/05\/IMG_9685-1.jpg\" title=\"\" data-rl_title=\"\" class=\"rl-gallery-link\" data-rl_caption=\"\" data-rel=\"lightbox-gallery-1\"><img loading=\"lazy\" decoding=\"async\" src=\"https:\/\/islghaiti.org\/site\/wp-content\/uploads\/2019\/05\/IMG_9685-1-150x150.jpg\" width=\"150\" height=\"150\" alt=\"\"\/><\/a><\/div><div class=\"rl-gallery-item\"><a href=\"https:\/\/islghaiti.org\/site\/wp-content\/uploads\/2019\/05\/IMG_9601.jpg\" title=\"\" data-rl_title=\"\" class=\"rl-gallery-link\" data-rl_caption=\"\" data-rel=\"lightbox-gallery-1\"><img loading=\"lazy\" decoding=\"async\" src=\"https:\/\/islghaiti.org\/site\/wp-content\/uploads\/2019\/05\/IMG_9601-150x150.jpg\" width=\"150\" height=\"150\" alt=\"\"\/><\/a><\/div><div class=\"rl-gallery-item\"><a href=\"https:\/\/islghaiti.org\/site\/wp-content\/uploads\/2019\/05\/IMG_9682.jpg\" title=\"\" data-rl_title=\"\" class=\"rl-gallery-link\" data-rl_caption=\"\" data-rel=\"lightbox-gallery-1\"><img loading=\"lazy\" decoding=\"async\" src=\"https:\/\/islghaiti.org\/site\/wp-content\/uploads\/2019\/05\/IMG_9682-150x150.jpg\" width=\"150\" height=\"150\" alt=\"\"\/><\/a><\/div><div class=\"rl-gallery-item\"><a href=\"https:\/\/islghaiti.org\/site\/wp-content\/uploads\/2019\/05\/IMG_9685.jpg\" title=\"\" data-rl_title=\"\" class=\"rl-gallery-link\" data-rl_caption=\"\" data-rel=\"lightbox-gallery-1\"><img loading=\"lazy\" decoding=\"async\" src=\"https:\/\/islghaiti.org\/site\/wp-content\/uploads\/2019\/05\/IMG_9685-150x150.jpg\" width=\"150\" height=\"150\" alt=\"\"\/><\/a><\/div><div class=\"rl-gallery-item\"><a href=\"https:\/\/islghaiti.org\/site\/wp-content\/uploads\/2019\/05\/IMG_9691.jpg\" title=\"\" data-rl_title=\"\" class=\"rl-gallery-link\" data-rl_caption=\"\" data-rel=\"lightbox-gallery-1\"><img loading=\"lazy\" decoding=\"async\" src=\"https:\/\/islghaiti.org\/site\/wp-content\/uploads\/2019\/05\/IMG_9691-150x150.jpg\" width=\"150\" height=\"150\" alt=\"\"\/><\/a><\/div><div class=\"rl-gallery-item\"><a href=\"https:\/\/islghaiti.org\/site\/wp-content\/uploads\/2019\/05\/IMG_9719.jpg\" title=\"\" data-rl_title=\"\" class=\"rl-gallery-link\" data-rl_caption=\"\" data-rel=\"lightbox-gallery-1\"><img loading=\"lazy\" decoding=\"async\" src=\"https:\/\/islghaiti.org\/site\/wp-content\/uploads\/2019\/05\/IMG_9719-150x150.jpg\" width=\"150\" height=\"150\" alt=\"\"\/><\/a><\/div><div class=\"rl-gallery-item\"><a href=\"https:\/\/islghaiti.org\/site\/wp-content\/uploads\/2019\/05\/200-LaMennais2019_FR-rgb-1.jpg\" title=\"\" data-rl_title=\"\" class=\"rl-gallery-link\" data-rl_caption=\"\" data-rel=\"lightbox-gallery-1\"><img loading=\"lazy\" decoding=\"async\" src=\"https:\/\/islghaiti.org\/site\/wp-content\/uploads\/2019\/05\/200-LaMennais2019_FR-rgb-1-150x150.jpg\" width=\"150\" height=\"150\" alt=\"\"\/><\/a><\/div><div class=\"rl-gallery-item\"><a href=\"https:\/\/islghaiti.org\/site\/wp-content\/uploads\/2019\/05\/geniaud-e1558198722769.jpg\" title=\"\" data-rl_title=\"\" class=\"rl-gallery-link\" data-rl_caption=\"\" data-rel=\"lightbox-gallery-1\"><img loading=\"lazy\" decoding=\"async\" src=\"https:\/\/islghaiti.org\/site\/wp-content\/uploads\/2019\/05\/geniaud-e1558198722769-150x150.jpg\" width=\"150\" height=\"150\" alt=\"\"\/><\/a><\/div><div class=\"rl-gallery-item\"><a href=\"https:\/\/islghaiti.org\/site\/wp-content\/uploads\/2019\/05\/jubile200.jpg\" title=\"\" data-rl_title=\"\" class=\"rl-gallery-link\" data-rl_caption=\"\" data-rel=\"lightbox-gallery-1\"><img loading=\"lazy\" decoding=\"async\" src=\"https:\/\/islghaiti.org\/site\/wp-content\/uploads\/2019\/05\/jubile200-150x150.jpg\" width=\"150\" height=\"150\" alt=\"\"\/><\/a><\/div><div class=\"rl-gallery-item\"><a href=\"https:\/\/islghaiti.org\/site\/wp-content\/uploads\/2019\/05\/IMG_9720.JPG.sb-bf5c32c6-lMnzy9.jpg\" title=\"\" data-rl_title=\"\" class=\"rl-gallery-link\" data-rl_caption=\"\" data-rel=\"lightbox-gallery-1\"><img loading=\"lazy\" decoding=\"async\" src=\"https:\/\/islghaiti.org\/site\/wp-content\/uploads\/2019\/05\/IMG_9720.JPG.sb-bf5c32c6-lMnzy9-150x150.jpg\" width=\"150\" height=\"150\" alt=\"\"\/><\/a><\/div><div class=\"rl-gallery-item\"><a href=\"https:\/\/islghaiti.org\/site\/wp-content\/uploads\/2019\/05\/pere1.png\" title=\"\" data-rl_title=\"\" class=\"rl-gallery-link\" data-rl_caption=\"\" data-rel=\"lightbox-gallery-1\"><img loading=\"lazy\" decoding=\"async\" src=\"https:\/\/islghaiti.org\/site\/wp-content\/uploads\/2019\/05\/pere1-150x150.png\" width=\"150\" height=\"150\" alt=\"\"\/><\/a><\/div><div class=\"rl-gallery-item\"><a href=\"https:\/\/islghaiti.org\/site\/wp-content\/uploads\/2019\/05\/frere2.png\" title=\"\" data-rl_title=\"\" class=\"rl-gallery-link\" data-rl_caption=\"\" data-rel=\"lightbox-gallery-1\"><img loading=\"lazy\" decoding=\"async\" src=\"https:\/\/islghaiti.org\/site\/wp-content\/uploads\/2019\/05\/frere2-150x150.png\" width=\"150\" height=\"150\" alt=\"\"\/><\/a><\/div><div class=\"rl-gallery-item\"><a href=\"https:\/\/islghaiti.org\/site\/wp-content\/uploads\/2019\/05\/frere1.png\" title=\"\" data-rl_title=\"\" class=\"rl-gallery-link\" data-rl_caption=\"\" data-rel=\"lightbox-gallery-1\"><img loading=\"lazy\" decoding=\"async\" src=\"https:\/\/islghaiti.org\/site\/wp-content\/uploads\/2019\/05\/frere1-150x150.png\" width=\"150\" height=\"150\" alt=\"\"\/><\/a><\/div><div class=\"rl-gallery-item\"><a href=\"https:\/\/islghaiti.org\/site\/wp-content\/uploads\/2019\/05\/lamennais.png\" title=\"\" data-rl_title=\"\" class=\"rl-gallery-link\" data-rl_caption=\"\" data-rel=\"lightbox-gallery-1\"><img loading=\"lazy\" decoding=\"async\" src=\"https:\/\/islghaiti.org\/site\/wp-content\/uploads\/2019\/05\/lamennais-150x150.png\" width=\"150\" height=\"150\" alt=\"\"\/><\/a><\/div><div class=\"rl-gallery-item\"><a href=\"https:\/\/islghaiti.org\/site\/wp-content\/uploads\/2019\/05\/fic.png\" title=\"\" data-rl_title=\"\" class=\"rl-gallery-link\" data-rl_caption=\"\" data-rel=\"lightbox-gallery-1\"><img loading=\"lazy\" decoding=\"async\" src=\"https:\/\/islghaiti.org\/site\/wp-content\/uploads\/2019\/05\/fic-150x150.png\" width=\"150\" height=\"150\" alt=\"\"\/><\/a><\/div><div class=\"rl-gallery-item\"><a href=\"https:\/\/islghaiti.org\/site\/wp-content\/uploads\/2019\/05\/200-LaMennais2019_FR-rgb.jpg\" title=\"\" data-rl_title=\"\" class=\"rl-gallery-link\" data-rl_caption=\"\" data-rel=\"lightbox-gallery-1\"><img loading=\"lazy\" decoding=\"async\" src=\"https:\/\/islghaiti.org\/site\/wp-content\/uploads\/2019\/05\/200-LaMennais2019_FR-rgb-150x150.jpg\" width=\"150\" height=\"150\" alt=\"\"\/><\/a><\/div> <\/div> <\/div>\n\n\n\n<hr class=\"wp-block-separator has-alpha-channel-opacity\"\/>\n\n\n\n<p><\/p>\n\n\n\n<h3 class=\"wp-block-heading\">Premi\u00e8re Communion<br>Chapelle Notre-Dame de la Pr\u00e9sentation<br>Saint-Louis de Gonzague<br>17 avril 2016<\/h3>\n\n\n<div class=\"rl-gallery-container rl-loading\" id=\"rl-gallery-container-2\" data-gallery_id=\"3811\"> <div class=\"rl-gallery rl-basicgrid-gallery rl-hover-effect-1 rl-hover-icon-2\" id=\"rl-gallery-2\" data-gallery_no=\"2\"> <div class=\"rl-gallery-item\"><a href=\"https:\/\/islghaiti.org\/site\/wp-content\/uploads\/2016\/04\/Compil-2-Copy.jpg\" title=\"\" data-rl_title=\"\" class=\"rl-gallery-link\" data-rl_caption=\"\" data-rel=\"lightbox-gallery-2\"><img loading=\"lazy\" decoding=\"async\" src=\"https:\/\/islghaiti.org\/site\/wp-content\/uploads\/2016\/04\/Compil-2-Copy-150x150.jpg\" width=\"150\" height=\"150\" alt=\"\"\/><\/a><\/div><div class=\"rl-gallery-item\"><a href=\"https:\/\/islghaiti.org\/site\/wp-content\/uploads\/2016\/04\/Compil-Copy.jpg\" title=\"\" data-rl_title=\"\" class=\"rl-gallery-link\" data-rl_caption=\"\" data-rel=\"lightbox-gallery-2\"><img loading=\"lazy\" decoding=\"async\" src=\"https:\/\/islghaiti.org\/site\/wp-content\/uploads\/2016\/04\/Compil-Copy-150x150.jpg\" width=\"150\" height=\"150\" alt=\"\"\/><\/a><\/div><div class=\"rl-gallery-item\"><a href=\"https:\/\/islghaiti.org\/site\/wp-content\/uploads\/2016\/04\/DSC05037.jpg\" title=\"\" data-rl_title=\"\" class=\"rl-gallery-link\" data-rl_caption=\"\" data-rel=\"lightbox-gallery-2\"><img loading=\"lazy\" decoding=\"async\" src=\"https:\/\/islghaiti.org\/site\/wp-content\/uploads\/2016\/04\/DSC05037-150x150.jpg\" width=\"150\" height=\"150\" alt=\"\"\/><\/a><\/div><div class=\"rl-gallery-item\"><a href=\"https:\/\/islghaiti.org\/site\/wp-content\/uploads\/2016\/04\/003.jpg\" title=\"\" data-rl_title=\"\" class=\"rl-gallery-link\" data-rl_caption=\"\" data-rel=\"lightbox-gallery-2\"><img loading=\"lazy\" decoding=\"async\" src=\"https:\/\/islghaiti.org\/site\/wp-content\/uploads\/2016\/04\/003-150x150.jpg\" width=\"150\" height=\"150\" alt=\"\"\/><\/a><\/div><div class=\"rl-gallery-item\"><a href=\"https:\/\/islghaiti.org\/site\/wp-content\/uploads\/2016\/04\/002.jpg\" title=\"\" data-rl_title=\"\" class=\"rl-gallery-link\" data-rl_caption=\"\" data-rel=\"lightbox-gallery-2\"><img loading=\"lazy\" decoding=\"async\" src=\"https:\/\/islghaiti.org\/site\/wp-content\/uploads\/2016\/04\/002-150x150.jpg\" width=\"150\" height=\"150\" alt=\"\"\/><\/a><\/div><div class=\"rl-gallery-item\"><a href=\"https:\/\/islghaiti.org\/site\/wp-content\/uploads\/2016\/04\/001.jpg\" title=\"\" data-rl_title=\"\" class=\"rl-gallery-link\" data-rl_caption=\"\" data-rel=\"lightbox-gallery-2\"><img loading=\"lazy\" decoding=\"async\" src=\"https:\/\/islghaiti.org\/site\/wp-content\/uploads\/2016\/04\/001-150x150.jpg\" width=\"150\" height=\"150\" alt=\"\"\/><\/a><\/div><div class=\"rl-gallery-item\"><a href=\"https:\/\/islghaiti.org\/site\/wp-content\/uploads\/2016\/04\/DSC05090-Copy.jpg\" title=\"\" data-rl_title=\"\" class=\"rl-gallery-link\" data-rl_caption=\"\" data-rel=\"lightbox-gallery-2\"><img loading=\"lazy\" decoding=\"async\" src=\"https:\/\/islghaiti.org\/site\/wp-content\/uploads\/2016\/04\/DSC05090-Copy-150x150.jpg\" width=\"150\" height=\"150\" alt=\"\"\/><\/a><\/div><div class=\"rl-gallery-item\"><a href=\"https:\/\/islghaiti.org\/site\/wp-content\/uploads\/2016\/04\/DSC05079-Copy.jpg\" title=\"\" data-rl_title=\"\" class=\"rl-gallery-link\" data-rl_caption=\"\" data-rel=\"lightbox-gallery-2\"><img loading=\"lazy\" decoding=\"async\" src=\"https:\/\/islghaiti.org\/site\/wp-content\/uploads\/2016\/04\/DSC05079-Copy-150x150.jpg\" width=\"150\" height=\"150\" alt=\"\"\/><\/a><\/div><div class=\"rl-gallery-item\"><a href=\"https:\/\/islghaiti.org\/site\/wp-content\/uploads\/2016\/04\/DSC05076-Copy.jpg\" title=\"\" data-rl_title=\"\" class=\"rl-gallery-link\" data-rl_caption=\"\" data-rel=\"lightbox-gallery-2\"><img loading=\"lazy\" decoding=\"async\" src=\"https:\/\/islghaiti.org\/site\/wp-content\/uploads\/2016\/04\/DSC05076-Copy-150x150.jpg\" width=\"150\" height=\"150\" alt=\"\"\/><\/a><\/div><div class=\"rl-gallery-item\"><a href=\"https:\/\/islghaiti.org\/site\/wp-content\/uploads\/2016\/04\/DSC05069-Copy.jpg\" title=\"\" data-rl_title=\"\" class=\"rl-gallery-link\" data-rl_caption=\"\" data-rel=\"lightbox-gallery-2\"><img loading=\"lazy\" decoding=\"async\" src=\"https:\/\/islghaiti.org\/site\/wp-content\/uploads\/2016\/04\/DSC05069-Copy-150x150.jpg\" width=\"150\" height=\"150\" alt=\"\"\/><\/a><\/div><div class=\"rl-gallery-item\"><a href=\"https:\/\/islghaiti.org\/site\/wp-content\/uploads\/2016\/04\/DSC05066-Copy.jpg\" title=\"\" data-rl_title=\"\" class=\"rl-gallery-link\" data-rl_caption=\"\" data-rel=\"lightbox-gallery-2\"><img loading=\"lazy\" decoding=\"async\" src=\"https:\/\/islghaiti.org\/site\/wp-content\/uploads\/2016\/04\/DSC05066-Copy-150x150.jpg\" width=\"150\" height=\"150\" alt=\"\"\/><\/a><\/div><div class=\"rl-gallery-item\"><a href=\"https:\/\/islghaiti.org\/site\/wp-content\/uploads\/2016\/04\/DSC05064-Copy.jpg\" title=\"\" data-rl_title=\"\" class=\"rl-gallery-link\" data-rl_caption=\"\" data-rel=\"lightbox-gallery-2\"><img loading=\"lazy\" decoding=\"async\" src=\"https:\/\/islghaiti.org\/site\/wp-content\/uploads\/2016\/04\/DSC05064-Copy-150x150.jpg\" width=\"150\" height=\"150\" alt=\"\"\/><\/a><\/div><div class=\"rl-gallery-item\"><a href=\"https:\/\/islghaiti.org\/site\/wp-content\/uploads\/2016\/04\/DSC05061-Copy.jpg\" title=\"\" data-rl_title=\"\" class=\"rl-gallery-link\" data-rl_caption=\"\" data-rel=\"lightbox-gallery-2\"><img loading=\"lazy\" decoding=\"async\" src=\"https:\/\/islghaiti.org\/site\/wp-content\/uploads\/2016\/04\/DSC05061-Copy-150x150.jpg\" width=\"150\" height=\"150\" alt=\"\"\/><\/a><\/div><div class=\"rl-gallery-item\"><a href=\"https:\/\/islghaiti.org\/site\/wp-content\/uploads\/2016\/04\/DSC05052-Copy.jpg\" title=\"\" data-rl_title=\"\" class=\"rl-gallery-link\" data-rl_caption=\"\" data-rel=\"lightbox-gallery-2\"><img loading=\"lazy\" decoding=\"async\" src=\"https:\/\/islghaiti.org\/site\/wp-content\/uploads\/2016\/04\/DSC05052-Copy-150x150.jpg\" width=\"150\" height=\"150\" alt=\"\"\/><\/a><\/div><div class=\"rl-gallery-item\"><a href=\"https:\/\/islghaiti.org\/site\/wp-content\/uploads\/2016\/04\/DSC05038-Copy.jpg\" title=\"\" data-rl_title=\"\" class=\"rl-gallery-link\" data-rl_caption=\"\" data-rel=\"lightbox-gallery-2\"><img loading=\"lazy\" decoding=\"async\" src=\"https:\/\/islghaiti.org\/site\/wp-content\/uploads\/2016\/04\/DSC05038-Copy-150x150.jpg\" width=\"150\" height=\"150\" alt=\"\"\/><\/a><\/div><div class=\"rl-gallery-item\"><a href=\"https:\/\/islghaiti.org\/site\/wp-content\/uploads\/2016\/04\/DSC05032-Copy.jpg\" title=\"\" data-rl_title=\"\" class=\"rl-gallery-link\" data-rl_caption=\"\" data-rel=\"lightbox-gallery-2\"><img loading=\"lazy\" decoding=\"async\" src=\"https:\/\/islghaiti.org\/site\/wp-content\/uploads\/2016\/04\/DSC05032-Copy-150x150.jpg\" width=\"150\" height=\"150\" alt=\"\"\/><\/a><\/div><div class=\"rl-gallery-item\"><a href=\"https:\/\/islghaiti.org\/site\/wp-content\/uploads\/2016\/04\/DSC05023-Copy.jpg\" title=\"\" data-rl_title=\"\" class=\"rl-gallery-link\" data-rl_caption=\"\" data-rel=\"lightbox-gallery-2\"><img loading=\"lazy\" decoding=\"async\" src=\"https:\/\/islghaiti.org\/site\/wp-content\/uploads\/2016\/04\/DSC05023-Copy-150x150.jpg\" width=\"150\" height=\"150\" alt=\"\"\/><\/a><\/div><div class=\"rl-gallery-item\"><a href=\"https:\/\/islghaiti.org\/site\/wp-content\/uploads\/2016\/04\/DSC05022-Copy.jpg\" title=\"\" data-rl_title=\"\" class=\"rl-gallery-link\" data-rl_caption=\"\" data-rel=\"lightbox-gallery-2\"><img loading=\"lazy\" decoding=\"async\" src=\"https:\/\/islghaiti.org\/site\/wp-content\/uploads\/2016\/04\/DSC05022-Copy-150x150.jpg\" width=\"150\" height=\"150\" alt=\"\"\/><\/a><\/div><div class=\"rl-gallery-item\"><a href=\"https:\/\/islghaiti.org\/site\/wp-content\/uploads\/2016\/04\/DSC05017-Copy.jpg\" title=\"\" data-rl_title=\"\" class=\"rl-gallery-link\" data-rl_caption=\"\" data-rel=\"lightbox-gallery-2\"><img loading=\"lazy\" decoding=\"async\" src=\"https:\/\/islghaiti.org\/site\/wp-content\/uploads\/2016\/04\/DSC05017-Copy-150x150.jpg\" width=\"150\" height=\"150\" alt=\"\"\/><\/a><\/div><div class=\"rl-gallery-item\"><a href=\"https:\/\/islghaiti.org\/site\/wp-content\/uploads\/2016\/04\/DSC05008-Copy.jpg\" title=\"\" data-rl_title=\"\" class=\"rl-gallery-link\" data-rl_caption=\"\" data-rel=\"lightbox-gallery-2\"><img loading=\"lazy\" decoding=\"async\" src=\"https:\/\/islghaiti.org\/site\/wp-content\/uploads\/2016\/04\/DSC05008-Copy-150x150.jpg\" width=\"150\" height=\"150\" alt=\"\"\/><\/a><\/div><div class=\"rl-gallery-item\"><a href=\"https:\/\/islghaiti.org\/site\/wp-content\/uploads\/2016\/04\/DSC04992-Copy.jpg\" title=\"\" data-rl_title=\"\" class=\"rl-gallery-link\" data-rl_caption=\"\" data-rel=\"lightbox-gallery-2\"><img loading=\"lazy\" decoding=\"async\" src=\"https:\/\/islghaiti.org\/site\/wp-content\/uploads\/2016\/04\/DSC04992-Copy-150x150.jpg\" width=\"150\" height=\"150\" alt=\"\"\/><\/a><\/div><div class=\"rl-gallery-item\"><a href=\"https:\/\/islghaiti.org\/site\/wp-content\/uploads\/2016\/04\/DSC04980-Copy.jpg\" title=\"\" data-rl_title=\"\" class=\"rl-gallery-link\" data-rl_caption=\"\" data-rel=\"lightbox-gallery-2\"><img loading=\"lazy\" decoding=\"async\" src=\"https:\/\/islghaiti.org\/site\/wp-content\/uploads\/2016\/04\/DSC04980-Copy-150x150.jpg\" width=\"150\" height=\"150\" alt=\"\"\/><\/a><\/div><div class=\"rl-gallery-item\"><a href=\"https:\/\/islghaiti.org\/site\/wp-content\/uploads\/2016\/04\/DSC04997-Copy.jpg\" title=\"\" data-rl_title=\"\" class=\"rl-gallery-link\" data-rl_caption=\"\" data-rel=\"lightbox-gallery-2\"><img loading=\"lazy\" decoding=\"async\" src=\"https:\/\/islghaiti.org\/site\/wp-content\/uploads\/2016\/04\/DSC04997-Copy-150x150.jpg\" width=\"150\" height=\"150\" alt=\"\"\/><\/a><\/div><div class=\"rl-gallery-item\"><a href=\"https:\/\/islghaiti.org\/site\/wp-content\/uploads\/2016\/04\/DSC04988-Copy.jpg\" title=\"\" data-rl_title=\"\" class=\"rl-gallery-link\" data-rl_caption=\"\" data-rel=\"lightbox-gallery-2\"><img loading=\"lazy\" decoding=\"async\" src=\"https:\/\/islghaiti.org\/site\/wp-content\/uploads\/2016\/04\/DSC04988-Copy-150x150.jpg\" width=\"150\" height=\"150\" alt=\"\"\/><\/a><\/div><div class=\"rl-gallery-item\"><a href=\"https:\/\/islghaiti.org\/site\/wp-content\/uploads\/2016\/04\/DSC04985-Copy.jpg\" title=\"\" data-rl_title=\"\" class=\"rl-gallery-link\" data-rl_caption=\"\" data-rel=\"lightbox-gallery-2\"><img loading=\"lazy\" decoding=\"async\" src=\"https:\/\/islghaiti.org\/site\/wp-content\/uploads\/2016\/04\/DSC04985-Copy-150x150.jpg\" width=\"150\" height=\"150\" alt=\"\"\/><\/a><\/div><div class=\"rl-gallery-item\"><a href=\"https:\/\/islghaiti.org\/site\/wp-content\/uploads\/2016\/04\/DSC04975-Copy.jpg\" title=\"\" data-rl_title=\"\" class=\"rl-gallery-link\" data-rl_caption=\"\" data-rel=\"lightbox-gallery-2\"><img loading=\"lazy\" decoding=\"async\" src=\"https:\/\/islghaiti.org\/site\/wp-content\/uploads\/2016\/04\/DSC04975-Copy-150x150.jpg\" width=\"150\" height=\"150\" alt=\"\"\/><\/a><\/div> <\/div> <\/div>\n\n\n\n<hr class=\"wp-block-separator has-alpha-channel-opacity\"\/>\n\n\n\n<p><\/p>\n<div class=\"pld-like-dislike-wrap pld-template-1\">\r\n    <div class=\"pld-like-wrap  pld-common-wrap\">\r\n    <a href=\"javascript:void(0)\" class=\"pld-like-trigger pld-like-dislike-trigger  \" title=\"J&#039;aime\" data-post-id=\"30\" data-trigger-type=\"like\" data-restriction=\"cookie\" data-already-liked=\"0\">\r\n                        <i class=\"fas fa-thumbs-up\"><\/i>\r\n                <\/a>\r\n    <span class=\"pld-like-count-wrap pld-count-wrap\">1    <\/span>\r\n<\/div><div class=\"pld-dislike-wrap  pld-common-wrap\">\r\n    <a href=\"javascript:void(0)\" class=\"pld-dislike-trigger pld-like-dislike-trigger  \" title=\"Je n&#039;aime pas\" data-post-id=\"30\" data-trigger-type=\"dislike\" data-restriction=\"cookie\" data-already-liked=\"0\">\r\n                        <i class=\"fas fa-thumbs-down\"><\/i>\r\n                <\/a>\r\n    <span class=\"pld-dislike-count-wrap pld-count-wrap\">0<\/span>\r\n<\/div><\/div>","protected":false},"excerpt":{"rendered":"<p>Weekend inter-\u00e9coles FIC en Ha\u00efti pour f\u00eater les 200 ans Premi\u00e8re CommunionChapelle Notre-Dame de la Pr\u00e9sentationSaint-Louis de Gonzague17 avril 2016 1 0<\/p>\n","protected":false},"author":15,"featured_media":0,"parent":0,"menu_order":0,"comment_status":"closed","ping_status":"closed","template":"","meta":{"_eb_attr":"","footnotes":""},"class_list":["post-30","page","type-page","status-publish","hentry"],"_links":{"self":[{"href":"\/site\/wp-json\/wp\/v2\/pages\/30","targetHints":{"allow":["GET"]}}],"collection":[{"href":"\/site\/wp-json\/wp\/v2\/pages"}],"about":[{"href":"\/site\/wp-json\/wp\/v2\/types\/page"}],"author":[{"embeddable":true,"href":"\/site\/wp-json\/wp\/v2\/users\/15"}],"replies":[{"embeddable":true,"href":"\/site\/wp-json\/wp\/v2\/comments?post=30"}],"version-history":[{"count":8,"href":"\/site\/wp-json\/wp\/v2\/pages\/30\/revisions"}],"predecessor-version":[{"id":3847,"href":"\/site\/wp-json\/wp\/v2\/pages\/30\/revisions\/3847"}],"wp:attachment":[{"href":"\/site\/wp-json\/wp\/v2\/media?parent=30"}],"curies":[{"name":"wp","href":"https:\/\/api.w.org\/{rel}","templated":true}]}}