{"id":3197,"date":"2021-04-17T12:07:30","date_gmt":"2021-04-17T16:07:30","guid":{"rendered":"\/site\/?page_id=3197"},"modified":"2023-05-25T14:46:17","modified_gmt":"2023-05-25T18:46:17","slug":"robotique","status":"publish","type":"page","link":"\/site\/robotique\/","title":{"rendered":"Troupes Robotique \u00e0 Saint-Louis"},"content":{"rendered":"\n<title>W3.CSS Template<\/title>\n<meta charset=\"UTF-8\">\n<meta name=\"viewport\" content=\"width=device-width, initial-scale=1\">\n<link rel=\"stylesheet\" href=\"https:\/\/www.w3schools.com\/w3css\/4\/w3.css\">\n<link rel=\"stylesheet\" href=\"https:\/\/fonts.googleapis.com\/css?family=Lato\">\n<link rel=\"stylesheet\" href=\"https:\/\/cdnjs.cloudflare.com\/ajax\/libs\/font-awesome\/4.7.0\/css\/font-awesome.min.css\">\n<style>\nbody {font-family: \"Lato\", sans-serif}\n.mySlides {display: none}\n\nimg.rounded-corners{\n  border-radius: 40px;\n}\n<\/style>\n\n\n<!-- Navbar -->\n<div class=\"w3-top\">\n  <div class=\"w3-bar w3-black w3-card\">\n    <a class=\"w3-bar-item w3-button w3-padding-large w3-hide-medium w3-hide-large w3-right\" href=\"javascript:void(0)\" onclick=\"myFunction()\" title=\"Toggle Navigation Menu\"><i class=\"fa fa-bars\"><\/i><\/a>\n    <a href=\"#\" class=\"w3-bar-item w3-button w3-padding-large\">HOME<\/a>\n    <a href=\"#band\" class=\"w3-bar-item w3-button w3-padding-large w3-hide-small\">BAND<\/a>\n    <a href=\"#tour\" class=\"w3-bar-item w3-button w3-padding-large w3-hide-small\">TOUR<\/a>\n    <a href=\"#contact\" class=\"w3-bar-item w3-button w3-padding-large w3-hide-small\">CONTACT<\/a>\n    <div class=\"w3-dropdown-hover w3-hide-small\">\n      <button class=\"w3-padding-large w3-button\" title=\"More\">MORE <i class=\"fa fa-caret-down\"><\/i><\/button>     \n      <div class=\"w3-dropdown-content w3-bar-block w3-card-4\">\n        <a href=\"#\" class=\"w3-bar-item w3-button\">Merchandise<\/a>\n        <a href=\"#\" class=\"w3-bar-item w3-button\">Extras<\/a>\n        <a href=\"#\" class=\"w3-bar-item w3-button\">Media<\/a>\n      <\/div>\n    <\/div>\n    <a href=\"javascript:void(0)\" class=\"w3-padding-large w3-hover-red w3-hide-small w3-right\"><i class=\"fa fa-search\"><\/i><\/a>\n  <\/div>\n<\/div>\n\n<!-- Navbar on small screens (remove the onclick attribute if you want the navbar to always show on top of the content when clicking on the links) -->\n<div id=\"navDemo\" class=\"w3-bar-block w3-black w3-hide w3-hide-large w3-hide-medium w3-top\" style=\"margin-top:46px\">\n  <a href=\"#band\" class=\"w3-bar-item w3-button w3-padding-large\" onclick=\"myFunction()\">BAND<\/a>\n  <a href=\"#tour\" class=\"w3-bar-item w3-button w3-padding-large\" onclick=\"myFunction()\">TOUR<\/a>\n  <a href=\"#contact\" class=\"w3-bar-item w3-button w3-padding-large\" onclick=\"myFunction()\">CONTACT<\/a>\n  <a href=\"#\" class=\"w3-bar-item w3-button w3-padding-large\" onclick=\"myFunction()\">MERCH<\/a>\n<\/div>\n\n<!-- Page content -->\n<div class=\"w3-content\" style=\"max-width:2000px;margin-top:46px\">\n\n\n\n  <!-- The Band Section -->\n<center><h3>RGR (Red and Green Robot) &#8211; <i>au Primaire<\/i><br>\nTRS (Team Robotics of Saint-Louis) &#8211; <i>au Secondaire<\/i><\/h3><\/center>\n  <div class=\"w3-container w3-content w3-center w3-padding-64\" style=\"max-width:800px\" id=\"band\">\n<img decoding=\"async\" src=\"https:\/\/islghaiti.org\/site\/wp-content\/uploads\/2021\/04\/TRS-Logo-FondBlanc-300x277-1.png\" class=\"w3-round w3-margin-bottom\" alt=\"Random Name\" style=\"width:30%\">\n    <h1 class=\"w3-wide\">Team Robotics of SLG<\/h1>\n    <h2 class=\"w3-wide\">TRSLG<\/h2>\n    <p class=\"w3-opacity\"><i>Beyond All Limits<\/i><\/p>\n<br>\n<img decoding=\"async\" src=\"https:\/\/islghaiti.org\/site\/wp-content\/uploads\/2023\/05\/SLG-Robotic.jpeg\" class=\"w3-round w3-margin-bottom\" alt=\"Random Name\" style=\"width:100%\">\n    <p class=\"w3-justify\">C&rsquo;est un programme d\u2019exploration pour les \u00e9l\u00e8ves de 9 \u00e0 14 ans qui a pour objectifs de stimuler l\u2019int\u00e9r\u00eat des jeunes pour la science et la technologie et de d\u00e9velopper des comp\u00e9tences utiles dans leur parcours scolaire, sur le march\u00e9 du travail et dans la vie en g\u00e9n\u00e9ral. Les activit\u00e9s du groupe TRSLG peuvent se vivre en classe, en para scolaire et m\u00eame en contexte communautaire. L&rsquo;\u00e9quipe s\u2019inscrit dans une progression coh\u00e9rente et adapt\u00e9e de programmes de robotique \u00e9ducative.<\/p>\n    <div class=\"w3-row w3-padding-32\">\n      <div class=\"w3-third\">\n        <p><\/p>\n        <img decoding=\"async\" src=\"https:\/\/islghaiti.org\/site\/wp-content\/uploads\/2023\/05\/trslg-accept-color.png\" class=\"w3-round w3-margin-bottom\" alt=\"Random Name\" style=\"width:60%\">\n        <!-- <img decoding=\"async\" src=\"https:\/\/islghaiti.org\/site\/wp-content\/uploads\/2021\/04\/TRS-Logo-FondBlanc-300x277-1.png\" class=\"w3-round w3-margin-bottom\" alt=\"Random Name\" style=\"width:60%\"> -->\n      <\/div>\n      <div class=\"w3-third\">\n        <p><\/p>\n        <img decoding=\"async\" src=\"https:\/\/robotiquefirstquebec.org\/wp-content\/uploads\/LLF-RIVALISE-CMYK-V.png\" class=\"w3-round w3-margin-bottom\" alt=\"Random Name\" style=\"width:60%\">\n      <\/div>\n      <div class=\"w3-third\">\n        <p><\/p>\n        <img decoding=\"async\" src=\"https:\/\/islghaiti.org\/site\/wp-content\/uploads\/2023\/05\/fedudevh.png\" class=\"w3-round\" alt=\"Random Name\" style=\"width:100%\">\n      <\/div>\n    <\/div>\n  <\/div>\n\n  <!-- The Tour Section -->\n  <div class=\"\" id=\"tour\">\n    <div class=\"w3-container w3-content w3-padding-64\" style=\"max-width:800px\">\n      <h2 class=\"w3-wide w3-center\">DATES DE COMP\u00c9TITIONS<\/h2>\n      <p class=\"w3-opacity w3-center\"><i>Ne ratez pas les rendez-vous!<\/i><\/p><br>\n\n      <ul class=\"w3-ul w3-border w3-white w3-text-grey\">\n        <li class=\"w3-padding\">Mai 2023 <span class=\"w3-badge w3-right w3-margin-right\">Termin\u00e9<\/span><\/li>\n        <li class=\"w3-padding\">12 Mars 2022<span class=\"w3-tag w3-red w3-margin-left\">Termin\u00e9<\/span><\/li>\n        <li class=\"w3-padding\">8 Mai 2021 <span class=\"w3-tag w3-red w3-margin-left\">Termin\u00e9<\/span><\/li>\n        <li class=\"w3-padding\">2019-2020 <span class=\"w3-tag w3-red w3-margin-left\">Termin\u00e9<\/span><\/li>\n        <li class=\"w3-padding\">2018-2019<span class=\"w3-tag w3-red w3-margin-left\">Termin\u00e9<\/span><\/li>\n\n      <\/ul>\n\n      <div class=\"w3-row-padding w3-padding-32\" style=\"margin:0 -16px\">\n        <div class=\"w3-third w3-margin-bottom\">\n          <img decoding=\"async\" src=\"https:\/\/robotiquefirstquebec.org\/wp-content\/uploads\/2020-FLL-Logos-RGB_vertical-color-e1567801031134.png\" style=\"width:100%\" class=\"w3-hover-opacity\">\n          <div class=\"w3-container w3-white\">\n            <p><b>Ville Avenir<\/b><\/p>\n            <p class=\"w3-opacity\">2019-2020<\/p>\n            <p>On doit b\u00e2tir en tenant compte des gens et de l\u2019environnement. En \u00e9quipe, on explorera la vie dans les cit\u00e9s au cours des \u00e2ges et on cr\u00e9era des solutions innovantes pour l\u2019am\u00e9liorer dans le futur<\/p>\n             <button class=\"w3-button w3-black w3-margin-bottom\" onclick=\"href=\" https:=\"\" robotiquefirstquebec.org=\"\" fll=\"\" rivalise=\"\" defi19-20=\"\" \"=\"\">Voir plus<\/button>\n          <\/div>\n        <\/div>\n        <div class=\"w3-third w3-margin-bottom\">\n          <img decoding=\"async\" src=\"https:\/\/robotiquefirstquebec.org\/wp-content\/uploads\/EnOrbite.png\" alt=\"Paris\" style=\"width:100%\" class=\"w3-hover-opacity\"><br><br>\n          <div class=\"w3-container w3-white\">\n            <p><b>En Orbite<\/b><\/p>\n            <p class=\"w3-opacity\">2018-2019<\/p> \n            <p>Capable de cr\u00e9er des solutions innovantes qui nous am\u00e8neront sur Mars ? Nous\npouvons tellement apprendre en tentant de surmonter les d\u00e9fis que pr\u00e9sente l\u2019exploration spatiale,\nil faut juste se tenir pr\u00eat \u00e0 aller EN ORBITEMD et au-del\u00e0 avec la Ligue LEGO\u00ae FIRST\u00ae<\/p>\n            <a href=\"https:\/\/robotiquefirstquebec.org\/fll\/rivalise\/defi18-19\/\" target=\"_blank\" rel=\"noopener noreferrer\"><button class=\"w3-button w3-black w3-margin-bottom\" onclick=\"#\">Voir plus<\/button><\/a>\n          <\/div>\n        <\/div>\n<!--\n        <div class=\"w3-third w3-margin-bottom\">\n          <img decoding=\"async\" src=\"turn-on-youtube-dark-mode-web-mobile-differences.jpg\" alt=\"San Francisco\" style=\"width:100%\" class=\"w3-hover-opacity\">\n          <div class=\"w3-container w3-white\">\n            <p><b>San Francisco<\/b><\/p>\n            <p class=\"w3-opacity\">Sun 29 Nov 2016<\/p>\n            <p>Praesent tincidunt sed tellus ut rutrum sed vitae justo.<\/p>\n            <button class=\"w3-button w3-black w3-margin-bottom\" onclick=\"document.getElementById('ticketModal').style.display='block'\">Buy Tickets<\/button>\n          <\/div>\n        <\/div>\n-->\n      <\/div>\n    <\/div>\n  <\/div>\n\n  <!-- Ticket Modal -->\n  <div id=\"ticketModal\" class=\"w3-modal\">\n    <div class=\"w3-modal-content w3-animate-top w3-card-4\">\n      <header class=\"w3-container w3-teal w3-center w3-padding-32\"> \n        <span onclick=\"document.getElementById('ticketModal').style.display='none'\" class=\"w3-button w3-teal w3-xlarge w3-display-topright\">\u00d7<\/span>\n        <h2 class=\"w3-wide\"><i class=\"fa fa-suitcase w3-margin-right\"><\/i>Tickets<\/h2>\n      <\/header>\n      <div class=\"w3-container\">\n        <p><label><i class=\"fa fa-shopping-cart\"><\/i> Tickets, $15 per person<\/label><\/p>\n        <input class=\"w3-input w3-border\" type=\"text\" placeholder=\"How many?\">\n        <p><label><i class=\"fa fa-user\"><\/i> Send To<\/label><\/p>\n        <input class=\"w3-input w3-border\" type=\"text\" placeholder=\"Enter email\">\n        <button class=\"w3-button w3-block w3-teal w3-padding-16 w3-section w3-right\">PAY <i class=\"fa fa-check\"><\/i><\/button>\n        <button class=\"w3-button w3-red w3-section\" onclick=\"document.getElementById('ticketModal').style.display='none'\">Close <i class=\"fa fa-remove\"><\/i><\/button>\n        <p class=\"w3-right\">Need <a href=\"#\" class=\"w3-text-blue\">help?<\/a><\/p>\n      <\/div>\n    <\/div>\n  <\/div>\n\n  <!-- The Contact Section -->\n  <div class=\"w3-container w3-content w3-padding-64\" style=\"max-width:800px\" id=\"contact\">\n    <h2 class=\"w3-wide w3-center\">CONTACT<\/h2>\n    <p class=\"w3-opacity w3-center\"><i>Fan? Laissez-nous une note!<\/i><\/p>\n    <div class=\"w3-row w3-padding-32\">\n      <div class=\"w3-col m6 w3-large w3-margin-bottom\">\n        <i class=\"fa fa-map-marker\" style=\"width:30px\"><\/i>Coach Samuel ISAAC<br>\n        <i class=\"fa fa-phone\" style=\"width:30px\"><\/i> Phone: +509 37068306<br>\n        <i class=\"fa fa-envelope\" style=\"width:30px\"> <\/i> Email: trslg@gmail.com<br>\n      <\/div>\n      <div class=\"w3-col m6\">\n        <form action=\"\/action_page.php\" target=\"_blank\">\n          <div class=\"w3-row-padding\" style=\"margin:0 -16px 8px -16px\">\n            <div class=\"w3-half\">\n              <input class=\"w3-input w3-border\" type=\"text\" placeholder=\"Name\" required=\"\" name=\"Name\">\n            <\/div>\n            <div class=\"w3-half\">\n              <input class=\"w3-input w3-border\" type=\"text\" placeholder=\"Email\" required=\"\" name=\"Email\">\n            <\/div>\n          <\/div>\n          <input class=\"w3-input w3-border\" type=\"text\" placeholder=\"Message\" required=\"\" name=\"Message\">\n          <button class=\"w3-button w3-black w3-section w3-right\" type=\"submit\">SEND<\/button>\n        <\/form>\n      <\/div>\n    <\/div>\n  <\/div>\n  \n<!-- End Page Content -->\n<\/div>\n\n<!-- Image of location\/map -->\n<img decoding=\"async\" src=\"turn-on-youtube-dark-mode-web-mobile-differences.jpg\" class=\"w3-image w3-greyscale-min\" style=\"width:100%\">\n\n<!-- Footer -->\n<footer class=\"w3-container w3-padding-64 w3-center w3-opacity w3-light-grey w3-xlarge\">\n  <i class=\"fa fa-facebook-official w3-hover-opacity\"><\/i>\n  <i class=\"fa fa-instagram w3-hover-opacity\"><\/i>\n  <i class=\"fa fa-snapchat w3-hover-opacity\"><\/i>\n  <i class=\"fa fa-pinterest-p w3-hover-opacity\"><\/i>\n  <i class=\"fa fa-twitter w3-hover-opacity\"><\/i>\n  <i class=\"fa fa-linkedin w3-hover-opacity\"><\/i>\n  <p class=\"w3-medium\">Powered by Isaac<\/p>\n<\/footer>\n\n<script>\n\/\/ Automatic Slideshow - change image every 4 seconds\nvar myIndex = 0;\ncarousel();\n\nfunction carousel() {\n  var i;\n  var x = document.getElementsByClassName(\"mySlides\");\n  for (i = 0; i < x.length; i++) {\n    x[i].style.display = \"none\";  \n  }\n  myIndex++;\n  if (myIndex > x.length) {myIndex = 1}    \n  x[myIndex-1].style.display = \"block\";  \n  setTimeout(carousel, 4000);    \n}\n\n\/\/ Used to toggle the menu on small screens when clicking on the menu button\nfunction myFunction() {\n  var x = document.getElementById(\"navDemo\");\n  if (x.className.indexOf(\"w3-show\") == -1) {\n    x.className += \" w3-show\";\n  } else { \n    x.className = x.className.replace(\" w3-show\", \"\");\n  }\n}\n\n\/\/ When the user clicks anywhere outside of the modal, close it\nvar modal = document.getElementById('ticketModal');\nwindow.onclick = function(event) {\n  if (event.target == modal) {\n    modal.style.display = \"none\";\n  }\n}\n<\/script>\n<div class=\"pld-like-dislike-wrap pld-template-1\">\r\n    <div class=\"pld-like-wrap  pld-common-wrap\">\r\n    <a href=\"javascript:void(0)\" class=\"pld-like-trigger pld-like-dislike-trigger  \" title=\"J&#039;aime\" data-post-id=\"3197\" data-trigger-type=\"like\" data-restriction=\"cookie\" data-already-liked=\"0\">\r\n                        <i class=\"fas fa-thumbs-up\"><\/i>\r\n                <\/a>\r\n    <span class=\"pld-like-count-wrap pld-count-wrap\">0    <\/span>\r\n<\/div><div class=\"pld-dislike-wrap  pld-common-wrap\">\r\n    <a href=\"javascript:void(0)\" class=\"pld-dislike-trigger pld-like-dislike-trigger  \" title=\"Je n&#039;aime pas\" data-post-id=\"3197\" data-trigger-type=\"dislike\" data-restriction=\"cookie\" data-already-liked=\"0\">\r\n                        <i class=\"fas fa-thumbs-down\"><\/i>\r\n                <\/a>\r\n    <span class=\"pld-dislike-count-wrap pld-count-wrap\">0<\/span>\r\n<\/div><\/div>","protected":false},"excerpt":{"rendered":"<p>W3.CSS Template HOME BAND TOUR CONTACT MORE Merchandise Extras Media BAND TOUR CONTACT MERCH RGR (Red and Green Robot) &#8211; au Primaire TRS (Team Robotics of Saint-Louis) &#8211; au Secondaire Team Robotics of SLG TRSLG Beyond All Limits C&rsquo;est un programme d\u2019exploration pour les \u00e9l\u00e8ves de 9 \u00e0 14 ans qui a pour objectifs de &hellip; <a href=\"\/site\/robotique\/\">Continue reading <span class=\"meta-nav\">&rarr;<\/span><\/a><\/p>\n","protected":false},"author":16,"featured_media":3204,"parent":0,"menu_order":0,"comment_status":"closed","ping_status":"closed","template":"","meta":{"_eb_attr":"","footnotes":""},"class_list":["post-3197","page","type-page","status-publish","has-post-thumbnail","hentry"],"_links":{"self":[{"href":"\/site\/wp-json\/wp\/v2\/pages\/3197","targetHints":{"allow":["GET"]}}],"collection":[{"href":"\/site\/wp-json\/wp\/v2\/pages"}],"about":[{"href":"\/site\/wp-json\/wp\/v2\/types\/page"}],"author":[{"embeddable":true,"href":"\/site\/wp-json\/wp\/v2\/users\/16"}],"replies":[{"embeddable":true,"href":"\/site\/wp-json\/wp\/v2\/comments?post=3197"}],"version-history":[{"count":49,"href":"\/site\/wp-json\/wp\/v2\/pages\/3197\/revisions"}],"predecessor-version":[{"id":4062,"href":"\/site\/wp-json\/wp\/v2\/pages\/3197\/revisions\/4062"}],"wp:featuredmedia":[{"embeddable":true,"href":"\/site\/wp-json\/wp\/v2\/media\/3204"}],"wp:attachment":[{"href":"\/site\/wp-json\/wp\/v2\/media?parent=3197"}],"curies":[{"name":"wp","href":"https:\/\/api.w.org\/{rel}","templated":true}]}}