{"id":3933,"date":"2023-05-24T11:55:20","date_gmt":"2023-05-24T15:55:20","guid":{"rendered":"\/site\/?page_id=3933"},"modified":"2023-05-24T13:53:50","modified_gmt":"2023-05-24T17:53:50","slug":"sport-saint-louisiens","status":"publish","type":"page","link":"\/site\/sport-saint-louisiens\/","title":{"rendered":"Sport saint-louisiens"},"content":{"rendered":"\n<object data=https:\/\/saintlouisdegonzaguesport.blogspot.com\/ width=\"100%\" height=1500px text-align=\"center\"> <embed src=https:\/\/saintlouisdegonzaguesport.blogspot.com\/ width=\"100%\" height=1500px text-align=\"center\"> <\/embed><\/object>\n\n\n\n<p class=\"has-light-green-cyan-background-color has-background\"><em>Le contenu de cette page est tir\u00e9 des travaux r\u00e9alis\u00e9s par des \u00e9l\u00e8ves <em>en S3-Rouge<\/em><\/em> <em>de l&rsquo;institution<strong>: Luvens Elim Senatus <\/strong>&#8211; <strong>Gaetant Lafontant D<\/strong> et <strong>Rameau Carl Arthur<\/strong><\/em>, <em>dans le cadre d&rsquo;un devoir en informatique depuis mai 2023.<\/em><\/p>\n<div class=\"pld-like-dislike-wrap pld-template-1\">\r\n    <div class=\"pld-like-wrap  pld-common-wrap\">\r\n    <a href=\"javascript:void(0)\" class=\"pld-like-trigger pld-like-dislike-trigger  \" title=\"J&#039;aime\" data-post-id=\"3933\" data-trigger-type=\"like\" data-restriction=\"cookie\" data-already-liked=\"0\">\r\n                        <i class=\"fas fa-thumbs-up\"><\/i>\r\n                <\/a>\r\n    <span class=\"pld-like-count-wrap pld-count-wrap\">1    <\/span>\r\n<\/div><div class=\"pld-dislike-wrap  pld-common-wrap\">\r\n    <a href=\"javascript:void(0)\" class=\"pld-dislike-trigger pld-like-dislike-trigger  \" title=\"Je n&#039;aime pas\" data-post-id=\"3933\" data-trigger-type=\"dislike\" data-restriction=\"cookie\" data-already-liked=\"0\">\r\n                        <i class=\"fas fa-thumbs-down\"><\/i>\r\n                <\/a>\r\n    <span class=\"pld-dislike-count-wrap pld-count-wrap\">0<\/span>\r\n<\/div><\/div>","protected":false},"excerpt":{"rendered":"<p>Le contenu de cette page est tir\u00e9 des travaux r\u00e9alis\u00e9s par des \u00e9l\u00e8ves en S3-Rouge de l&rsquo;institution: Luvens Elim Senatus &#8211; Gaetant Lafontant D et Rameau Carl Arthur, dans le cadre d&rsquo;un devoir en informatique depuis mai 2023. 1 0<\/p>\n","protected":false},"author":16,"featured_media":0,"parent":0,"menu_order":0,"comment_status":"closed","ping_status":"closed","template":"","meta":{"_eb_attr":"","footnotes":""},"class_list":["post-3933","page","type-page","status-publish","hentry"],"_links":{"self":[{"href":"\/site\/wp-json\/wp\/v2\/pages\/3933","targetHints":{"allow":["GET"]}}],"collection":[{"href":"\/site\/wp-json\/wp\/v2\/pages"}],"about":[{"href":"\/site\/wp-json\/wp\/v2\/types\/page"}],"author":[{"embeddable":true,"href":"\/site\/wp-json\/wp\/v2\/users\/16"}],"replies":[{"embeddable":true,"href":"\/site\/wp-json\/wp\/v2\/comments?post=3933"}],"version-history":[{"count":12,"href":"\/site\/wp-json\/wp\/v2\/pages\/3933\/revisions"}],"predecessor-version":[{"id":3950,"href":"\/site\/wp-json\/wp\/v2\/pages\/3933\/revisions\/3950"}],"wp:attachment":[{"href":"\/site\/wp-json\/wp\/v2\/media?parent=3933"}],"curies":[{"name":"wp","href":"https:\/\/api.w.org\/{rel}","templated":true}]}}