{"id":3978,"date":"2023-05-25T09:30:14","date_gmt":"2023-05-25T13:30:14","guid":{"rendered":"\/site\/?page_id=3978"},"modified":"2023-06-06T10:45:54","modified_gmt":"2023-06-06T14:45:54","slug":"contactez-nous","status":"publish","type":"page","link":"\/site\/contactez-nous\/","title":{"rendered":"Contactez-nous"},"content":{"rendered":"\n<center>\n<div class=\"RedGreen_Button\">\n<br>\n<a href=\"\/site\/tag\/avis-de-depot\/\" target=\"_parent\" rel=\"noopener\">Avis de d\u00e9pot<\/a><br><br>\n<a href=\"\/site\/contacter-lislg\/\" target=\"_parent\" rel=\"noopener\">Contacter l&rsquo;ISLG<\/a><br><br>\n<a href=\"\/site\/depot-etranger\/\" target=\"_parent\" rel=\"noopener\">D\u00e9pots depuis l&rsquo;\u00e9tranger<\/a><br><br>\n<a href=\"\/site\/candidature-pour-le-poste-denseignant\/\" target=\"_parent\" rel=\"noopener\">Postuler comme enseignant<\/a><br><br> \n<\/div>\n<\/center>\n\n\n\n<div class=\"mapouter\"><div class=\"gmap_canvas\"><iframe class=\"gmap_iframe\" width=\"100%\" frameborder=\"0\" scrolling=\"no\" marginheight=\"0\" marginwidth=\"0\" src=\"https:\/\/maps.google.com\/maps?width=600&amp;height=400&amp;hl=en&amp;q=Institution Saint-Louis de Gonzague&amp;t=&amp;z=14&amp;ie=UTF8&amp;iwloc=B&amp;output=embed\"><\/iframe><a href=\"https:\/\/capcuttemplate.org\/\">Capcut Templates<\/a><\/div><style>.mapouter{position:relative;text-align:right;width:100%;height:400px;}.gmap_canvas {overflow:hidden;background:none!important;width:100%;height:400px;}.gmap_iframe {height:400px!important;}<\/style><\/div>\n\n\n\n<br><br>\n\n\n\n<p>Institution Saint-Louis de Gonzague<br>Delmas 31-33<br>Port-au-Prince, Haiti<\/p>\n\n\n\n<p>T\u00e9l: 50946153637<br><a href=\"mailto:?to=slgd3133@yahoo.fr,slgd3133@gmail.com,islghaiti@gmail.com\">Contactez-nous par Email:<\/a> slgd3133@yahoo.fr \/ slgd3133@gmail.com<\/p>\n\n\n\n<p><strong><br>Le secr\u00e9tariat est ouvert durant tous les jours acad\u00e9mique: <\/strong><\/p>\n\n\n\n<ul class=\"wp-block-list\"><li>De 7h30 am \u00e0 3h30 PM<\/li><\/ul>\n<div class=\"pld-like-dislike-wrap pld-template-1\">\r\n    <div class=\"pld-like-wrap  pld-common-wrap\">\r\n    <a href=\"javascript:void(0)\" class=\"pld-like-trigger pld-like-dislike-trigger  \" title=\"J&#039;aime\" data-post-id=\"3978\" data-trigger-type=\"like\" data-restriction=\"cookie\" data-already-liked=\"0\">\r\n                        <i class=\"fas fa-thumbs-up\"><\/i>\r\n                <\/a>\r\n    <span class=\"pld-like-count-wrap pld-count-wrap\">0    <\/span>\r\n<\/div><div class=\"pld-dislike-wrap  pld-common-wrap\">\r\n    <a href=\"javascript:void(0)\" class=\"pld-dislike-trigger pld-like-dislike-trigger  \" title=\"Je n&#039;aime pas\" data-post-id=\"3978\" data-trigger-type=\"dislike\" data-restriction=\"cookie\" data-already-liked=\"0\">\r\n                        <i class=\"fas fa-thumbs-down\"><\/i>\r\n                <\/a>\r\n    <span class=\"pld-dislike-count-wrap pld-count-wrap\">0<\/span>\r\n<\/div><\/div>","protected":false},"excerpt":{"rendered":"<p>Avis de d\u00e9pot Contacter l&rsquo;ISLG D\u00e9pots depuis l&rsquo;\u00e9tranger Postuler comme enseignant Capcut Templates 0 0<\/p>\n","protected":false},"author":16,"featured_media":0,"parent":0,"menu_order":0,"comment_status":"closed","ping_status":"closed","template":"","meta":{"_eb_attr":"","footnotes":""},"class_list":["post-3978","page","type-page","status-publish","hentry"],"_links":{"self":[{"href":"\/site\/wp-json\/wp\/v2\/pages\/3978","targetHints":{"allow":["GET"]}}],"collection":[{"href":"\/site\/wp-json\/wp\/v2\/pages"}],"about":[{"href":"\/site\/wp-json\/wp\/v2\/types\/page"}],"author":[{"embeddable":true,"href":"\/site\/wp-json\/wp\/v2\/users\/16"}],"replies":[{"embeddable":true,"href":"\/site\/wp-json\/wp\/v2\/comments?post=3978"}],"version-history":[{"count":53,"href":"\/site\/wp-json\/wp\/v2\/pages\/3978\/revisions"}],"predecessor-version":[{"id":5325,"href":"\/site\/wp-json\/wp\/v2\/pages\/3978\/revisions\/5325"}],"wp:attachment":[{"href":"\/site\/wp-json\/wp\/v2\/media?parent=3978"}],"curies":[{"name":"wp","href":"https:\/\/api.w.org\/{rel}","templated":true}]}}