{"id":4150,"date":"2023-05-25T21:12:12","date_gmt":"2023-05-26T01:12:12","guid":{"rendered":"\/site\/?page_id=4150"},"modified":"2025-02-05T15:47:22","modified_gmt":"2025-02-05T20:47:22","slug":"avis-inscriptions","status":"publish","type":"page","link":"\/site\/avis-inscriptions\/","title":{"rendered":"Avis inscriptions"},"content":{"rendered":"<div class=\"wp-block-image\">\n<figure class=\"aligncenter size-large\" id=\"tome1s3\"><a href=\"https:\/\/islghaiti.org\/site\/wp-content\/uploads\/2024\/05\/SeparatorSLG1.png\" data-rel=\"lightbox-image-0\" data-rl_title=\"\" data-rl_caption=\"\" title=\"\"><img loading=\"lazy\" decoding=\"async\" width=\"1024\" height=\"102\" src=\"https:\/\/islghaiti.org\/site\/wp-content\/uploads\/2024\/05\/SeparatorSLG1-1024x102.png\" alt=\"\" class=\"wp-image-8497\" srcset=\"https:\/\/islghaiti.org\/site\/wp-content\/uploads\/2024\/05\/SeparatorSLG1-1024x102.png 1024w, https:\/\/islghaiti.org\/site\/wp-content\/uploads\/2024\/05\/SeparatorSLG1-300x30.png 300w, https:\/\/islghaiti.org\/site\/wp-content\/uploads\/2024\/05\/SeparatorSLG1-768x76.png 768w, https:\/\/islghaiti.org\/site\/wp-content\/uploads\/2024\/05\/SeparatorSLG1.png 1055w\" sizes=\"auto, (max-width: 1024px) 100vw, 1024px\" \/><\/a><\/figure><\/div>\n\n<div class=\"wp-block-image\">\n<figure class=\"aligncenter size-full\"><a href=\"https:\/\/islghaiti.org\/site\/wp-content\/uploads\/2023\/05\/inscriptions7af_S1.jpeg\" data-rel=\"lightbox-image-1\" data-rl_title=\"\" data-rl_caption=\"\" title=\"\"><img loading=\"lazy\" decoding=\"async\" width=\"1600\" height=\"1035\" src=\"https:\/\/islghaiti.org\/site\/wp-content\/uploads\/2023\/05\/inscriptions7af_S1.jpeg\" alt=\"\" class=\"wp-image-10019\" srcset=\"https:\/\/islghaiti.org\/site\/wp-content\/uploads\/2023\/05\/inscriptions7af_S1.jpeg 1600w, https:\/\/islghaiti.org\/site\/wp-content\/uploads\/2023\/05\/inscriptions7af_S1-300x194.jpeg 300w, https:\/\/islghaiti.org\/site\/wp-content\/uploads\/2023\/05\/inscriptions7af_S1-1024x662.jpeg 1024w, https:\/\/islghaiti.org\/site\/wp-content\/uploads\/2023\/05\/inscriptions7af_S1-768x497.jpeg 768w, https:\/\/islghaiti.org\/site\/wp-content\/uploads\/2023\/05\/inscriptions7af_S1-1536x994.jpeg 1536w, https:\/\/islghaiti.org\/site\/wp-content\/uploads\/2023\/05\/inscriptions7af_S1-75x50.jpeg 75w\" sizes=\"auto, (max-width: 1600px) 100vw, 1600px\" \/><\/a><\/figure><\/div>\n\n\n<hr class=\"wp-block-separator has-alpha-channel-opacity\"\/>\n\n\n<div class=\"wp-block-image\">\n<figure class=\"aligncenter size-large\" id=\"tome1s3\"><a href=\"https:\/\/islghaiti.org\/site\/wp-content\/uploads\/2024\/05\/SeparatorSLG1.png\" data-rel=\"lightbox-image-0\" data-rl_title=\"\" data-rl_caption=\"\" title=\"\"><img loading=\"lazy\" decoding=\"async\" width=\"1024\" height=\"102\" src=\"https:\/\/islghaiti.org\/site\/wp-content\/uploads\/2024\/05\/SeparatorSLG1-1024x102.png\" alt=\"\" class=\"wp-image-8497\" srcset=\"https:\/\/islghaiti.org\/site\/wp-content\/uploads\/2024\/05\/SeparatorSLG1-1024x102.png 1024w, https:\/\/islghaiti.org\/site\/wp-content\/uploads\/2024\/05\/SeparatorSLG1-300x30.png 300w, https:\/\/islghaiti.org\/site\/wp-content\/uploads\/2024\/05\/SeparatorSLG1-768x76.png 768w, https:\/\/islghaiti.org\/site\/wp-content\/uploads\/2024\/05\/SeparatorSLG1.png 1055w\" sizes=\"auto, (max-width: 1024px) 100vw, 1024px\" \/><\/a><\/figure><\/div>\n\n\n<h2 class=\"wp-block-heading has-vivid-green-cyan-color has-text-color\" style=\"font-size:28px\">Comment s\u2019inscrire ?<\/h2>\n\n\n\n<p class=\"has-medium-font-size\">&#x1f449;<strong><mark style=\"background-color:rgba(0, 0, 0, 0)\" class=\"has-inline-color has-vivid-red-color\">OPTION 1<\/mark>:<\/strong> <mark><a href=\"\/site\/slg-pre-inscription-en-ligne\/\"><span style=\"text-decoration: underline;\"><mark style=\"background-color:rgba(0, 0, 0, 0)\" class=\"has-inline-color has-black-color\">Proc\u00e9der \u00e0 la pr\u00e9-inscription en ligne<\/mark><\/span><\/a><\/mark><\/p>\n\n\n\n<p class=\"has-medium-font-size\">&#x1f449;<mark style=\"background-color:rgba(0, 0, 0, 0)\" class=\"has-inline-color has-vivid-red-color\"><strong>OPTION 2<\/strong><\/mark>: <mark><a href=\"https:\/\/islghaiti.org\/site\/wp-content\/uploads\/2026\/02\/Form_Inscription_7AF_2026.pdf\">T\u00e9l\u00e9chargeant le formulaire d\u2019Inscriptions 7AF &#8211; S1<\/a><\/mark><em> <\/em> <em>\u00e0 remplir \u00e0 la maison puis \u00e0 retourner \u00e0 l\u2019institution<\/em>. <strong><mark style=\"background-color:rgba(0, 0, 0, 0)\" class=\"has-inline-color has-vivid-red-color\">(Formulaire NON DISPONIBLE pour le moment)<\/mark><\/strong><\/p>\n\n\n\n<p class=\"has-medium-font-size\">&#x1f449;<mark style=\"background-color:rgba(0, 0, 0, 0)\" class=\"has-inline-color has-vivid-red-color\"><strong>OPTION 3<\/strong><\/mark>: <strong>Rendez-vous<\/strong> au secr\u00e9tariat de&nbsp;l\u2019\u00e9cole situ\u00e9 \u00e0 Delmas 31-33.<\/p>\n\n\n\n<ul class=\"wp-block-list has-medium-font-size\">\n<li>Remplissez le formulaire d\u2019admission, signez-le et&nbsp;rendez-le avec les documents requis.<\/li>\n\n\n\n<li>Toujours consultez le site Web de l&rsquo;\u00e9cole pour conna\u00eetre les diff\u00e9rentes p\u00e9riodes d\u2019inscription.<\/li>\n<\/ul>\n\n\n\n<h3 class=\"wp-block-heading has-vivid-green-cyan-color has-text-color\" style=\"font-size:25px\"><\/h3>\n<div class=\"pld-like-dislike-wrap pld-template-1\">\r\n    <div class=\"pld-like-wrap  pld-common-wrap\">\r\n    <a href=\"javascript:void(0)\" class=\"pld-like-trigger pld-like-dislike-trigger  \" title=\"J&#039;aime\" data-post-id=\"4150\" data-trigger-type=\"like\" data-restriction=\"cookie\" data-already-liked=\"0\">\r\n                        <i class=\"fas fa-thumbs-up\"><\/i>\r\n                <\/a>\r\n    <span class=\"pld-like-count-wrap pld-count-wrap\">0    <\/span>\r\n<\/div><div class=\"pld-dislike-wrap  pld-common-wrap\">\r\n    <a href=\"javascript:void(0)\" class=\"pld-dislike-trigger pld-like-dislike-trigger  \" title=\"Je n&#039;aime pas\" data-post-id=\"4150\" data-trigger-type=\"dislike\" data-restriction=\"cookie\" data-already-liked=\"0\">\r\n                        <i class=\"fas fa-thumbs-down\"><\/i>\r\n                <\/a>\r\n    <span class=\"pld-dislike-count-wrap pld-count-wrap\">0<\/span>\r\n<\/div><\/div>","protected":false},"excerpt":{"rendered":"<p>0 0<\/p>\n","protected":false},"author":16,"featured_media":0,"parent":0,"menu_order":0,"comment_status":"closed","ping_status":"closed","template":"","meta":{"_eb_attr":"","footnotes":""},"class_list":["post-4150","page","type-page","status-publish","hentry"],"_links":{"self":[{"href":"\/site\/wp-json\/wp\/v2\/pages\/4150","targetHints":{"allow":["GET"]}}],"collection":[{"href":"\/site\/wp-json\/wp\/v2\/pages"}],"about":[{"href":"\/site\/wp-json\/wp\/v2\/types\/page"}],"author":[{"embeddable":true,"href":"\/site\/wp-json\/wp\/v2\/users\/16"}],"replies":[{"embeddable":true,"href":"\/site\/wp-json\/wp\/v2\/comments?post=4150"}],"version-history":[{"count":4,"href":"\/site\/wp-json\/wp\/v2\/pages\/4150\/revisions"}],"predecessor-version":[{"id":7595,"href":"\/site\/wp-json\/wp\/v2\/pages\/4150\/revisions\/7595"}],"wp:attachment":[{"href":"\/site\/wp-json\/wp\/v2\/media?parent=4150"}],"curies":[{"name":"wp","href":"https:\/\/api.w.org\/{rel}","templated":true}]}}