{"id":4158,"date":"2023-05-25T22:13:51","date_gmt":"2023-05-26T02:13:51","guid":{"rendered":"\/site\/?page_id=4158"},"modified":"2026-01-12T11:45:21","modified_gmt":"2026-01-12T16:45:21","slug":"inscriptions-en-ligne","status":"publish","type":"page","link":"\/site\/inscriptions-en-ligne\/","title":{"rendered":"Inscriptions en ligne"},"content":{"rendered":"<div class=\"wp-block-image\">\n<figure class=\"aligncenter size-large\" id=\"tome1s3\"><a href=\"https:\/\/islghaiti.org\/site\/wp-content\/uploads\/2024\/05\/SeparatorSLG1.png\" data-rel=\"lightbox-image-0\" data-rl_title=\"\" data-rl_caption=\"\" title=\"\"><img loading=\"lazy\" decoding=\"async\" width=\"1024\" height=\"102\" src=\"https:\/\/islghaiti.org\/site\/wp-content\/uploads\/2024\/05\/SeparatorSLG1-1024x102.png\" alt=\"\" class=\"wp-image-8497\" srcset=\"https:\/\/islghaiti.org\/site\/wp-content\/uploads\/2024\/05\/SeparatorSLG1-1024x102.png 1024w, https:\/\/islghaiti.org\/site\/wp-content\/uploads\/2024\/05\/SeparatorSLG1-300x30.png 300w, https:\/\/islghaiti.org\/site\/wp-content\/uploads\/2024\/05\/SeparatorSLG1-768x76.png 768w, https:\/\/islghaiti.org\/site\/wp-content\/uploads\/2024\/05\/SeparatorSLG1.png 1055w\" sizes=\"auto, (max-width: 1024px) 100vw, 1024px\" \/><\/a><\/figure><\/div>\n\n<div class=\"wp-block-image\">\n<figure class=\"aligncenter size-full\"><a href=\"https:\/\/islghaiti.org\/site\/wp-content\/uploads\/2023\/05\/inscriptions7af_S1.jpeg\" data-rel=\"lightbox-image-1\" data-rl_title=\"\" data-rl_caption=\"\" title=\"\"><img loading=\"lazy\" decoding=\"async\" width=\"1600\" height=\"1035\" src=\"https:\/\/islghaiti.org\/site\/wp-content\/uploads\/2023\/05\/inscriptions7af_S1.jpeg\" alt=\"\" class=\"wp-image-10019\" srcset=\"https:\/\/islghaiti.org\/site\/wp-content\/uploads\/2023\/05\/inscriptions7af_S1.jpeg 1600w, https:\/\/islghaiti.org\/site\/wp-content\/uploads\/2023\/05\/inscriptions7af_S1-300x194.jpeg 300w, https:\/\/islghaiti.org\/site\/wp-content\/uploads\/2023\/05\/inscriptions7af_S1-1024x662.jpeg 1024w, https:\/\/islghaiti.org\/site\/wp-content\/uploads\/2023\/05\/inscriptions7af_S1-768x497.jpeg 768w, https:\/\/islghaiti.org\/site\/wp-content\/uploads\/2023\/05\/inscriptions7af_S1-1536x994.jpeg 1536w, https:\/\/islghaiti.org\/site\/wp-content\/uploads\/2023\/05\/inscriptions7af_S1-75x50.jpeg 75w\" sizes=\"auto, (max-width: 1600px) 100vw, 1600px\" \/><\/a><\/figure><\/div>\n\n\n<hr class=\"wp-block-separator has-alpha-channel-opacity\"\/>\n\n\n<div class=\"wp-block-image\">\n<figure class=\"aligncenter size-large\" id=\"tome1s3\"><a href=\"https:\/\/islghaiti.org\/site\/wp-content\/uploads\/2024\/05\/SeparatorSLG1.png\" data-rel=\"lightbox-image-0\" data-rl_title=\"\" data-rl_caption=\"\" title=\"\"><img loading=\"lazy\" decoding=\"async\" width=\"1024\" height=\"102\" src=\"https:\/\/islghaiti.org\/site\/wp-content\/uploads\/2024\/05\/SeparatorSLG1-1024x102.png\" alt=\"\" class=\"wp-image-8497\" srcset=\"https:\/\/islghaiti.org\/site\/wp-content\/uploads\/2024\/05\/SeparatorSLG1-1024x102.png 1024w, https:\/\/islghaiti.org\/site\/wp-content\/uploads\/2024\/05\/SeparatorSLG1-300x30.png 300w, https:\/\/islghaiti.org\/site\/wp-content\/uploads\/2024\/05\/SeparatorSLG1-768x76.png 768w, https:\/\/islghaiti.org\/site\/wp-content\/uploads\/2024\/05\/SeparatorSLG1.png 1055w\" sizes=\"auto, (max-width: 1024px) 100vw, 1024px\" \/><\/a><\/figure><\/div>\n\n\n<h2 class=\"wp-block-heading has-vivid-green-cyan-color has-text-color\" style=\"font-size:28px\">Comment s\u2019inscrire ?<\/h2>\n\n\n\n<p class=\"has-medium-font-size\">&#x1f449;<strong><mark style=\"background-color:rgba(0, 0, 0, 0)\" class=\"has-inline-color has-vivid-red-color\">OPTION 1<\/mark>:<\/strong> <mark><a href=\"\/site\/slg-pre-inscription-en-ligne\/\"><span style=\"text-decoration: underline;\"><mark style=\"background-color:rgba(0, 0, 0, 0)\" class=\"has-inline-color has-black-color\">Proc\u00e9der \u00e0 la pr\u00e9-inscription en ligne<\/mark><\/span><\/a><\/mark><\/p>\n\n\n\n<p class=\"has-medium-font-size\">&#x1f449;<mark style=\"background-color:rgba(0, 0, 0, 0)\" class=\"has-inline-color has-vivid-red-color\"><strong>OPTION 2<\/strong><\/mark>: <mark><a href=\"https:\/\/islghaiti.org\/site\/wp-content\/uploads\/2026\/02\/Form_Inscription_7AF_2026.pdf\">T\u00e9l\u00e9chargeant le formulaire d\u2019Inscriptions 7AF &#8211; S1<\/a><\/mark><em> <\/em> <em>\u00e0 remplir \u00e0 la maison puis \u00e0 retourner \u00e0 l\u2019institution<\/em>. <strong><mark style=\"background-color:rgba(0, 0, 0, 0)\" class=\"has-inline-color has-vivid-red-color\">(Formulaire NON DISPONIBLE pour le moment)<\/mark><\/strong><\/p>\n\n\n\n<p class=\"has-medium-font-size\">&#x1f449;<mark style=\"background-color:rgba(0, 0, 0, 0)\" class=\"has-inline-color has-vivid-red-color\"><strong>OPTION 3<\/strong><\/mark>: <strong>Rendez-vous<\/strong> au secr\u00e9tariat de&nbsp;l\u2019\u00e9cole situ\u00e9 \u00e0 Delmas 31-33.<\/p>\n\n\n\n<ul class=\"wp-block-list has-medium-font-size\">\n<li>Remplissez le formulaire d\u2019admission, signez-le et&nbsp;rendez-le avec les documents requis.<\/li>\n\n\n\n<li>Toujours consultez le site Web de l&rsquo;\u00e9cole pour conna\u00eetre les diff\u00e9rentes p\u00e9riodes d\u2019inscription.<\/li>\n<\/ul>\n\n\n\n<h3 class=\"wp-block-heading has-vivid-green-cyan-color has-text-color\" style=\"font-size:25px\"><\/h3>\n\n\n<div class=\"wp-block-image\">\n<figure class=\"aligncenter size-large\" id=\"tome1s3\"><a href=\"https:\/\/islghaiti.org\/site\/wp-content\/uploads\/2024\/05\/SeparatorSLG1.png\" data-rel=\"lightbox-image-0\" data-rl_title=\"\" data-rl_caption=\"\" title=\"\"><img loading=\"lazy\" decoding=\"async\" width=\"1024\" height=\"102\" src=\"https:\/\/islghaiti.org\/site\/wp-content\/uploads\/2024\/05\/SeparatorSLG1-1024x102.png\" alt=\"\" class=\"wp-image-8497\" srcset=\"https:\/\/islghaiti.org\/site\/wp-content\/uploads\/2024\/05\/SeparatorSLG1-1024x102.png 1024w, https:\/\/islghaiti.org\/site\/wp-content\/uploads\/2024\/05\/SeparatorSLG1-300x30.png 300w, https:\/\/islghaiti.org\/site\/wp-content\/uploads\/2024\/05\/SeparatorSLG1-768x76.png 768w, https:\/\/islghaiti.org\/site\/wp-content\/uploads\/2024\/05\/SeparatorSLG1.png 1055w\" sizes=\"auto, (max-width: 1024px) 100vw, 1024px\" \/><\/a><\/figure><\/div>\n\n\n<h2 class=\"has-text-align-center has-large-font-size wp-block-heading\">Choisir une option d&rsquo;inscription<\/h2>\n\n\n\n<br>\n\n\n\n<p class=\"has-medium-font-size\"><strong><mark style=\"background-color:rgba(0, 0, 0, 0)\" class=\"has-inline-color has-vivid-red-color\">OPTION 1<\/mark>:<\/strong><mark style=\"background-color:rgba(0, 0, 0, 0)\" class=\"has-inline-color has-vivid-cyan-blue-color\"> <a href=\"\/site\/slg-pre-inscription-en-ligne\/\"><span style=\"text-decoration: underline;\"><strong>Remplir le formulaire-pr\u00e9-inscription en ligne<\/strong><\/span><\/a><\/mark><\/p>\n\n\n\n<p class=\"has-text-align-left\" style=\"font-size:18px\"> <strong><mark style=\"background-color:rgba(0, 0, 0, 0)\" class=\"has-inline-color has-vivid-red-color\">N.B:<\/mark><mark style=\"background-color:rgba(0, 0, 0, 0)\" class=\"has-inline-color has-vivid-cyan-blue-color\"> Les personnes qui proc\u00e8dent \u00e0 l&rsquo;inscription en ligne ont jusqu&rsquo;\u00e0 <\/mark><mark style=\"background-color:rgba(0, 0, 0, 0)\" class=\"has-inline-color has-vivid-red-color\">48 HEURES<\/mark><mark style=\"background-color:rgba(0, 0, 0, 0)\" class=\"has-inline-color has-vivid-cyan-blue-color\"> pour venir d\u00e9poser leur dossier \u00e0 l&rsquo;administration de l&rsquo;\u00e9cole.<\/mark><\/strong> <strong><em>Lien d&rsquo;acc\u00e8s direct: <a href=\"https:\/\/islghaiti.org\/site\/slg-pre-inscription-en-ligne\/\">https:\/\/islghaiti.org\/site\/slg-pre-inscription-en-ligne\/<\/a><\/em><\/strong><\/p>\n\n\n\n<br>\n\n\n\n<p class=\"has-medium-font-size\"><mark style=\"background-color:rgba(0, 0, 0, 0)\" class=\"has-inline-color has-vivid-red-color\"><strong>OPTION 2<\/strong><\/mark>: <strong><mark style=\"background-color:rgba(0, 0, 0, 0)\" class=\"has-inline-color has-vivid-cyan-blue-color\"><span style=\"text-decoration: underline;\"><a href=\"https:\/\/islghaiti.org\/site\/wp-content\/uploads\/2025\/01\/Form_Inscription_Primaire_2025.pdf\">T\u00e9l\u00e9charger le formulaire d&rsquo;Inscription<\/a><\/span><\/mark><\/strong> \u00e0 remplir \u00e0 la maison puis \u00e0 retourner \u00e0 l\u2019institution. Remplissez le formulaire d\u2019admission, signez-le et\u00a0rendez-le avec les <a href=\"#documentsExiges\">documents requis<\/a>.<\/p>\n\n\n\n<br>\n\n\n\n<p class=\"has-medium-font-size\"><strong><mark style=\"background-color:rgba(0, 0, 0, 0)\" class=\"has-inline-color has-vivid-red-color\">OPTION 3:<\/mark><\/strong> <strong>Rendez-vous<\/strong> au secr\u00e9tariat de&nbsp;l\u2019\u00e9cole situ\u00e9 \u00e0 Delmas 31-33. <\/p>\n\n\n<div class=\"wp-block-image\">\n<figure class=\"aligncenter size-large\" id=\"tome1s3\"><a href=\"https:\/\/islghaiti.org\/site\/wp-content\/uploads\/2024\/05\/SeparatorSLG1.png\" data-rel=\"lightbox-image-0\" data-rl_title=\"\" data-rl_caption=\"\" title=\"\"><img loading=\"lazy\" decoding=\"async\" width=\"1024\" height=\"102\" src=\"https:\/\/islghaiti.org\/site\/wp-content\/uploads\/2024\/05\/SeparatorSLG1-1024x102.png\" alt=\"\" class=\"wp-image-8497\" srcset=\"https:\/\/islghaiti.org\/site\/wp-content\/uploads\/2024\/05\/SeparatorSLG1-1024x102.png 1024w, https:\/\/islghaiti.org\/site\/wp-content\/uploads\/2024\/05\/SeparatorSLG1-300x30.png 300w, https:\/\/islghaiti.org\/site\/wp-content\/uploads\/2024\/05\/SeparatorSLG1-768x76.png 768w, https:\/\/islghaiti.org\/site\/wp-content\/uploads\/2024\/05\/SeparatorSLG1.png 1055w\" sizes=\"auto, (max-width: 1024px) 100vw, 1024px\" \/><\/a><\/figure><\/div>\n\n\n<h2 class=\"has-vivid-green-cyan-color has-text-color wp-block-heading\">Inscription section 3e Cycle et Secondaire<\/h2>\n\n\n\n<p class=\"has-medium-font-size\"><strong>Les inscriptions pour<mark style=\"background-color:rgba(0, 0, 0, 0)\" class=\"has-inline-color has-vivid-red-color\"> LA SEPTI\u00c8ME ANN\u00c9E (2025-2026)<\/mark> sont re\u00e7ues du :<mark style=\"background-color:rgba(0, 0, 0, 0)\" class=\"has-inline-color has-vivid-red-color\"> lundi <\/mark>3 au <mark style=\"background-color:rgba(0, 0, 0, 0)\" class=\"has-inline-color has-vivid-red-color\">vendredi <\/mark><mark style=\"background-color:rgba(0, 0, 0, 0)\" class=\"has-inline-color has-black-color\">7<\/mark><mark style=\"background-color:rgba(0, 0, 0, 0)\" class=\"has-inline-color has-black-color\"> <\/mark>f\u00e9vrier 2025<br>ENFANTS CONCERN\u00c9S : <mark style=\"background-color:rgba(0, 0, 0, 0)\" class=\"has-inline-color has-vivid-red-color\">ENFANTS N\u00c9S EN <span style=\"text-decoration: underline;\">2014 <\/span><\/mark>pour la septi\u00e8me.<br>Horaire : de <mark style=\"background-color:rgba(0, 0, 0, 0)\" class=\"has-inline-color has-vivid-red-color\">8h30 \u00e0 11h30 am<\/mark><\/strong>, \u00e0 l\u2019Administration G\u00e9n\u00e9rale ou <a href=\"\/site\/slg-pre-inscription-en-ligne\/\">en Ligne<\/a><\/p>\n\n\n\n<h2 class=\"has-vivid-green-cyan-color has-text-color wp-block-heading\">Proc\u00e9der \u00e0 une pr\u00e9-inscription en ligne<\/h2>\n\n\n\n<ul class=\"has-medium-font-size wp-block-list\"><li>Remplissez le <a href=\"\/site\/slg-pre-inscription-en-ligne\/\"><span style=\"text-decoration: underline;\">formulaire d&rsquo;admission en ligne<\/span><\/a><\/li><li>Au moment de l&rsquo;inscription, vous devrez apporter <a href=\"#documentsExiges\">les documents exig\u00e9s<\/a> accompagn\u00e9s du formulaire. <\/li><\/ul>\n\n\n\n<h2 class=\"has-vivid-green-cyan-color has-text-color wp-block-heading\" id=\"documentsExiges\">Les documents exig\u00e9s<\/h2>\n\n\n\n<h3 class=\"wp-block-heading\">PI\u00c8CES EXIG\u00c9ES, \u00e0 mettre sous enveloppe :<\/h3>\n\n\n\n<ul class=\"wp-block-list\"><li>Acte de naissance original ou extrait d\u2019archives&nbsp;<strong>(original et copie)<\/strong><\/li><li>Carnet scolaire de 5e AF et de 6e AF&nbsp;<strong>(original et copie)<\/strong><\/li><li>Carnet scolaire de 8e AF et de 9e AF&nbsp;<strong>(original et copie)<\/strong><\/li><li>Certificat de bapt\u00eame ou de pr\u00e9sentation au temple&nbsp;de communion et de confirmation <strong>(original et copie)<\/strong><\/li><li>Deux photos d\u2019identit\u00e9 r\u00e9centes et identiques du candidat&nbsp;<strong>(de type passeport)<\/strong><\/li><li>1 photo d\u2019identit\u00e9 de chaque parent,<\/li><li>Carte paroissiale des parents catholiques ou carte de pers\u00e9v\u00e9rance selon le cas (originale et copie)<\/li><li><strong>Frais d\u2019inscription : 3000 gourdes<\/strong>&nbsp;<strong><mark>(PAR CASH SVP)<\/mark><\/strong><\/li><\/ul>\n\n\n\n<h3 class=\"wp-block-heading\">Autres infos:<\/h3>\n\n\n\n<ul class=\"wp-block-list\"><li><em>Le formulaire d\u2019inscription sera \u00e0 remplir&nbsp;<a href=\"https:\/\/islghaiti.org\/site\/inscriptions-en-ligne\/\">en Ligne&nbsp;(imprimer le formulaire)<\/a> et \u00e0 retourner \u00e0 l\u2019institution<\/em><\/li><li>ou bien \u00e0 la maison en <mark><a href=\"https:\/\/islghaiti.org\/site\/wp-content\/uploads\/2025\/02\/Form_Inscription_7AF_2025.pdf\">T\u00e9l\u00e9chargeant le formulaire d\u2019Inscriptions 7AF<\/a><a href=\"https:\/\/islghaiti.org\/site\/wp-content\/uploads\/2025\/01\/Form_Inscription_Primaire_2025.pdf\"> <\/a><\/mark><em>  <\/em>&#8211;  <mark><a href=\"https:\/\/islghaiti.org\/site\/wp-content\/uploads\/2025\/02\/Form_Inscription_S1_2025.pdf\">T\u00e9l\u00e9chargeant le formulaire d\u2019Inscriptions S1<\/a><\/mark><em> <\/em><\/li><li><em>et \u00e0 retourner \u00e0 l\u2019institution<\/em><\/li><\/ul>\n<div class=\"pld-like-dislike-wrap pld-template-1\">\r\n    <div class=\"pld-like-wrap  pld-common-wrap\">\r\n    <a href=\"javascript:void(0)\" class=\"pld-like-trigger pld-like-dislike-trigger  \" title=\"J&#039;aime\" data-post-id=\"4158\" data-trigger-type=\"like\" data-restriction=\"cookie\" data-already-liked=\"0\">\r\n                        <i class=\"fas fa-thumbs-up\"><\/i>\r\n                <\/a>\r\n    <span class=\"pld-like-count-wrap pld-count-wrap\">2    <\/span>\r\n<\/div><div class=\"pld-dislike-wrap  pld-common-wrap\">\r\n    <a href=\"javascript:void(0)\" class=\"pld-dislike-trigger pld-like-dislike-trigger  \" title=\"Je n&#039;aime pas\" data-post-id=\"4158\" data-trigger-type=\"dislike\" data-restriction=\"cookie\" data-already-liked=\"0\">\r\n                        <i class=\"fas fa-thumbs-down\"><\/i>\r\n                <\/a>\r\n    <span class=\"pld-dislike-count-wrap pld-count-wrap\">0<\/span>\r\n<\/div><\/div>","protected":false},"excerpt":{"rendered":"<p>Choisir une option d&rsquo;inscription OPTION 1: Remplir le formulaire-pr\u00e9-inscription en ligne N.B: Les personnes qui proc\u00e8dent \u00e0 l&rsquo;inscription en ligne ont jusqu&rsquo;\u00e0 48 HEURES pour venir d\u00e9poser leur dossier \u00e0 l&rsquo;administration de l&rsquo;\u00e9cole. Lien d&rsquo;acc\u00e8s direct: https:\/\/islghaiti.org\/site\/slg-pre-inscription-en-ligne\/ OPTION 2: T\u00e9l\u00e9charger le formulaire d&rsquo;Inscription \u00e0 remplir \u00e0 la maison puis \u00e0 retourner \u00e0 l\u2019institution. Remplissez le &hellip; <a href=\"\/site\/inscriptions-en-ligne\/\">Continue reading <span class=\"meta-nav\">&rarr;<\/span><\/a><\/p>\n","protected":false},"author":16,"featured_media":836,"parent":0,"menu_order":0,"comment_status":"closed","ping_status":"closed","template":"","meta":{"_eb_attr":"","footnotes":""},"class_list":["post-4158","page","type-page","status-publish","has-post-thumbnail","hentry"],"_links":{"self":[{"href":"\/site\/wp-json\/wp\/v2\/pages\/4158","targetHints":{"allow":["GET"]}}],"collection":[{"href":"\/site\/wp-json\/wp\/v2\/pages"}],"about":[{"href":"\/site\/wp-json\/wp\/v2\/types\/page"}],"author":[{"embeddable":true,"href":"\/site\/wp-json\/wp\/v2\/users\/16"}],"replies":[{"embeddable":true,"href":"\/site\/wp-json\/wp\/v2\/comments?post=4158"}],"version-history":[{"count":54,"href":"\/site\/wp-json\/wp\/v2\/pages\/4158\/revisions"}],"predecessor-version":[{"id":9250,"href":"\/site\/wp-json\/wp\/v2\/pages\/4158\/revisions\/9250"}],"wp:featuredmedia":[{"embeddable":true,"href":"\/site\/wp-json\/wp\/v2\/media\/836"}],"wp:attachment":[{"href":"\/site\/wp-json\/wp\/v2\/media?parent=4158"}],"curies":[{"name":"wp","href":"https:\/\/api.w.org\/{rel}","templated":true}]}}