{"id":4664,"date":"2023-05-29T19:57:30","date_gmt":"2023-05-29T23:57:30","guid":{"rendered":"\/site\/?page_id=4664"},"modified":"2024-01-10T14:25:02","modified_gmt":"2024-01-10T19:25:02","slug":"faire-un-don","status":"publish","type":"page","link":"\/site\/faire-un-don\/","title":{"rendered":"Faire un don"},"content":{"rendered":"\n<p class=\"has-medium-font-size\">Nous continuons \u00e0 nous adapter aux nouvelles fa\u00e7ons d&rsquo;enseigner, aux nouvelles disciplines d&rsquo;\u00e9tudes et aux nouvelles fa\u00e7ons d&rsquo;apprendre. Votre don enrichit l&rsquo;exp\u00e9rience de tous les \u00e9l\u00e8ves en soutenant les efforts visant \u00e0 recruter les meilleurs professeurs, \u00e0 \u00e9largir les programmes universitaires et \u00e0 r\u00e9pondre aux besoins \u00e9mergents de notre campus et de notre monde.<\/p>\n\n\n\n<hr class=\"wp-block-separator has-alpha-channel-opacity\"\/>\n\n\n\n<p class=\"has-light-green-cyan-background-color has-background\" style=\"font-size:25px\"><strong>Diverses options de don<\/strong><\/p>\n\n\n\n<p> <\/p>\n\n\n<div class=\"rl-gallery-container rl-loading\" id=\"rl-gallery-container-1\" data-gallery_id=\"4671\"> <div class=\"rl-gallery rl-basicmasonry-gallery rl-hover-effect-4 rl-hover-icon-2\" id=\"rl-gallery-1\" data-gallery_no=\"1\"> <div class=\"rl-gutter-sizer\"><\/div><div class=\"rl-grid-sizer\"><\/div> <div class=\"rl-gallery-item rl-gallery-item-width-4\" > <div class=\"rl-gallery-item-content\"> <a href=\"https:\/\/islghaiti.org\/site\/wp-content\/uploads\/2023\/05\/BourseEtude1.png\" title=\"\" data-rl_title=\"\" class=\"rl-gallery-link\" data-rl_caption=\"\" data-rel=\"lightbox-gallery-1\"><img loading=\"lazy\" decoding=\"async\" src=\"https:\/\/islghaiti.org\/site\/wp-content\/uploads\/2023\/05\/BourseEtude1-300x150.png\" width=\"300\" height=\"150\" alt=\"\"\/><span class=\"rl-gallery-caption\"><span class=\"rl-gallery-item-caption\">Bourses d&#039;Etudes<\/span><\/span><\/a> <\/div> <\/div> <div class=\"rl-gallery-item\" > <div class=\"rl-gallery-item-content\"> <a href=\"https:\/\/islghaiti.org\/site\/wp-content\/uploads\/2016\/10\/islg_sec.jpg\" title=\"\" data-rl_title=\"\" class=\"rl-gallery-link\" data-rl_caption=\"\" data-rel=\"lightbox-gallery-1\"><img loading=\"lazy\" decoding=\"async\" src=\"https:\/\/islghaiti.org\/site\/wp-content\/uploads\/2016\/10\/islg_sec-300x200.jpg\" width=\"300\" height=\"200\" alt=\"\"\/><span class=\"rl-gallery-caption\"><span class=\"rl-gallery-item-caption\">Ecoles et universit\u00e9s<\/span><\/span><\/a> <\/div> <\/div> <div class=\"rl-gallery-item\" > <div class=\"rl-gallery-item-content\"> <a href=\"https:\/\/islghaiti.org\/site\/wp-content\/uploads\/2016\/09\/ebooks_0.jpg\" title=\"\" data-rl_title=\"\" class=\"rl-gallery-link\" data-rl_caption=\"\" data-rel=\"lightbox-gallery-1\"><img loading=\"lazy\" decoding=\"async\" src=\"https:\/\/islghaiti.org\/site\/wp-content\/uploads\/2016\/09\/ebooks_0-300x224.jpg\" width=\"300\" height=\"224\" alt=\"\"\/><span class=\"rl-gallery-caption\"><span class=\"rl-gallery-item-caption\">Biblioth\u00e8que &amp; culturel<\/span><\/span><\/a> <\/div> <\/div> <div class=\"rl-gallery-item\" > <div class=\"rl-gallery-item-content\"> <a href=\"https:\/\/islghaiti.org\/site\/wp-content\/uploads\/2017\/10\/terrain_ath.jpg\" title=\"\" data-rl_title=\"\" class=\"rl-gallery-link\" data-rl_caption=\"\" data-rel=\"lightbox-gallery-1\"><img loading=\"lazy\" decoding=\"async\" src=\"https:\/\/islghaiti.org\/site\/wp-content\/uploads\/2017\/10\/terrain_ath-283x300.jpg\" width=\"283\" height=\"300\" alt=\"\"\/><span class=\"rl-gallery-caption\"><span class=\"rl-gallery-item-caption\">Soutenir l&#039;\u00e9quipe sportive<\/span><\/span><\/a> <\/div> <\/div> <div class=\"rl-gallery-item\" > <div class=\"rl-gallery-item-content\"> <a href=\"https:\/\/islghaiti.org\/site\/wp-content\/uploads\/2022\/11\/Chapelle.png\" title=\"\" data-rl_title=\"\" class=\"rl-gallery-link\" data-rl_caption=\"\" data-rel=\"lightbox-gallery-1\"><img loading=\"lazy\" decoding=\"async\" src=\"https:\/\/islghaiti.org\/site\/wp-content\/uploads\/2022\/11\/Chapelle-300x202.png\" width=\"300\" height=\"202\" alt=\"\"\/><span class=\"rl-gallery-caption\"><span class=\"rl-gallery-item-caption\">Collecte pour la chapelle<\/span><\/span><\/a> <\/div> <\/div> <div class=\"rl-gallery-item\" > <div class=\"rl-gallery-item-content\"> <a href=\"https:\/\/islghaiti.org\/site\/wp-content\/uploads\/2023\/05\/fonds-urgence-sert-a-quoi.jpeg\" title=\"\" data-rl_title=\"\" class=\"rl-gallery-link\" data-rl_caption=\"\" data-rel=\"lightbox-gallery-1\"><img loading=\"lazy\" decoding=\"async\" src=\"https:\/\/islghaiti.org\/site\/wp-content\/uploads\/2023\/05\/fonds-urgence-sert-a-quoi-300x200.jpeg\" width=\"300\" height=\"200\" alt=\"\"\/><span class=\"rl-gallery-caption\"><span class=\"rl-gallery-item-caption\">Fonds d&#039;urgence<\/span><\/span><\/a> <\/div> <\/div> <\/div> <\/div>\n\n\n\n<p><\/p>\n\n\n\n<p class=\"has-medium-font-size\">Gr\u00e2ce \u00e0 vous, nos \u00e9tudiants acqui\u00e8rent les connaissances, les comp\u00e9tences et les valeurs n\u00e9cessaires pour cr\u00e9er un monde plus humain, juste et durable.<\/p>\n\n\n\n<p><\/p>\n\n\n\n<div class=\"wp-block-buttons is-content-justification-center is-layout-flex wp-container-core-buttons-is-layout-16018d1d wp-block-buttons-is-layout-flex\">\n<div class=\"wp-block-button\"><a class=\"wp-block-button__link has-background\" href=\"\/site\/contactez-nous\/\" style=\"background:linear-gradient(90deg,rgb(255,0,0) 27%,rgb(11,146,96) 77%)\">Devenez un donateur<\/a><\/div>\n<\/div>\n<div class=\"pld-like-dislike-wrap pld-template-1\">\r\n    <div class=\"pld-like-wrap  pld-common-wrap\">\r\n    <a href=\"javascript:void(0)\" class=\"pld-like-trigger pld-like-dislike-trigger  \" title=\"J&#039;aime\" data-post-id=\"4664\" data-trigger-type=\"like\" data-restriction=\"cookie\" data-already-liked=\"0\">\r\n                        <i class=\"fas fa-thumbs-up\"><\/i>\r\n                <\/a>\r\n    <span class=\"pld-like-count-wrap pld-count-wrap\">0    <\/span>\r\n<\/div><div class=\"pld-dislike-wrap  pld-common-wrap\">\r\n    <a href=\"javascript:void(0)\" class=\"pld-dislike-trigger pld-like-dislike-trigger  \" title=\"Je n&#039;aime pas\" data-post-id=\"4664\" data-trigger-type=\"dislike\" data-restriction=\"cookie\" data-already-liked=\"0\">\r\n                        <i class=\"fas fa-thumbs-down\"><\/i>\r\n                <\/a>\r\n    <span class=\"pld-dislike-count-wrap pld-count-wrap\">0<\/span>\r\n<\/div><\/div>","protected":false},"excerpt":{"rendered":"<p>Nous continuons \u00e0 nous adapter aux nouvelles fa\u00e7ons d&rsquo;enseigner, aux nouvelles disciplines d&rsquo;\u00e9tudes et aux nouvelles fa\u00e7ons d&rsquo;apprendre. Votre don enrichit l&rsquo;exp\u00e9rience de tous les \u00e9l\u00e8ves en soutenant les efforts visant \u00e0 recruter les meilleurs professeurs, \u00e0 \u00e9largir les programmes universitaires et \u00e0 r\u00e9pondre aux besoins \u00e9mergents de notre campus et de notre monde. Diverses &hellip; <a href=\"\/site\/faire-un-don\/\">Continue reading <span class=\"meta-nav\">&rarr;<\/span><\/a><\/p>\n","protected":false},"author":16,"featured_media":0,"parent":0,"menu_order":0,"comment_status":"closed","ping_status":"closed","template":"template-full-width.php","meta":{"_eb_attr":"","footnotes":""},"class_list":["post-4664","page","type-page","status-publish","hentry"],"_links":{"self":[{"href":"\/site\/wp-json\/wp\/v2\/pages\/4664","targetHints":{"allow":["GET"]}}],"collection":[{"href":"\/site\/wp-json\/wp\/v2\/pages"}],"about":[{"href":"\/site\/wp-json\/wp\/v2\/types\/page"}],"author":[{"embeddable":true,"href":"\/site\/wp-json\/wp\/v2\/users\/16"}],"replies":[{"embeddable":true,"href":"\/site\/wp-json\/wp\/v2\/comments?post=4664"}],"version-history":[{"count":10,"href":"\/site\/wp-json\/wp\/v2\/pages\/4664\/revisions"}],"predecessor-version":[{"id":7630,"href":"\/site\/wp-json\/wp\/v2\/pages\/4664\/revisions\/7630"}],"wp:attachment":[{"href":"\/site\/wp-json\/wp\/v2\/media?parent=4664"}],"curies":[{"name":"wp","href":"https:\/\/api.w.org\/{rel}","templated":true}]}}