{"id":5386,"date":"2023-06-07T16:10:17","date_gmt":"2023-06-07T20:10:17","guid":{"rendered":"\/site\/?page_id=5386"},"modified":"2023-06-24T18:27:20","modified_gmt":"2023-06-24T22:27:20","slug":"louisdegonzague","status":"publish","type":"page","link":"\/site\/louisdegonzague\/","title":{"rendered":"La vie de Saint Louis de Gonzague"},"content":{"rendered":"\n<div class=\"wp-block-columns is-layout-flex wp-container-core-columns-is-layout-9d6595d7 wp-block-columns-is-layout-flex\">\n<div class=\"wp-block-column is-layout-flow wp-block-column-is-layout-flow\"><\/div>\n<\/div>\n\n\n<div class=\"wp-block-image\">\n<figure class=\"aligncenter size-large\" id=\"tome1s3\"><a href=\"https:\/\/islghaiti.org\/site\/wp-content\/uploads\/2024\/05\/SeparatorSLG1.png\" data-rel=\"lightbox-image-0\" data-rl_title=\"\" data-rl_caption=\"\" title=\"\"><img loading=\"lazy\" decoding=\"async\" width=\"1024\" height=\"102\" src=\"https:\/\/islghaiti.org\/site\/wp-content\/uploads\/2024\/05\/SeparatorSLG1-1024x102.png\" alt=\"\" class=\"wp-image-8497\" srcset=\"https:\/\/islghaiti.org\/site\/wp-content\/uploads\/2024\/05\/SeparatorSLG1-1024x102.png 1024w, https:\/\/islghaiti.org\/site\/wp-content\/uploads\/2024\/05\/SeparatorSLG1-300x30.png 300w, https:\/\/islghaiti.org\/site\/wp-content\/uploads\/2024\/05\/SeparatorSLG1-768x76.png 768w, https:\/\/islghaiti.org\/site\/wp-content\/uploads\/2024\/05\/SeparatorSLG1.png 1055w\" sizes=\"auto, (max-width: 1024px) 100vw, 1024px\" \/><\/a><\/figure><\/div>\n\n\n<div class=\"wp-block-group alignwide\"><div class=\"wp-block-group__inner-container is-layout-flow wp-block-group-is-layout-flow\">\n<h2 class=\"wp-block-heading\" style=\"font-size:32px\">Histoire de Saint-Louis de Gonzague<\/h2>\n\n\n\n<div class=\"wp-block-media-text alignwide is-stacked-on-mobile is-vertically-aligned-center\" style=\"grid-template-columns:40% auto\"><figure class=\"wp-block-media-text__media\"><img loading=\"lazy\" decoding=\"async\" width=\"385\" height=\"502\" src=\"https:\/\/islghaiti.org\/site\/wp-content\/uploads\/2023\/06\/Louis-de-Gonzague-venerant-la-Vierge-Marie.jpg\" alt=\"\" class=\"wp-image-6555 size-full\" srcset=\"https:\/\/islghaiti.org\/site\/wp-content\/uploads\/2023\/06\/Louis-de-Gonzague-venerant-la-Vierge-Marie.jpg 385w, https:\/\/islghaiti.org\/site\/wp-content\/uploads\/2023\/06\/Louis-de-Gonzague-venerant-la-Vierge-Marie-230x300.jpg 230w\" sizes=\"auto, (max-width: 385px) 100vw, 385px\" \/><\/figure><div class=\"wp-block-media-text__content\">\n<h2 class=\"wp-block-heading has-text-color\" style=\"color:#000000;font-size:32px\">Un jeune saint qui aimait la sainte Vierge<\/h2>\n\n\n\n<p><\/p>\n\n\n\n<p class=\"has-text-color has-medium-font-size\" style=\"color:#000000\">Chers lecteurs, je vais vous raconter l&rsquo;histoire d&rsquo;un jeune saint qui aimait profond\u00e9ment la sainte Vierge. Il s&rsquo;agit de Louis de Gonzague, qui v\u00e9cut en Italie il y a pr\u00e8s de quatre cents ans. <\/p>\n\n\n\n<p class=\"has-text-color has-medium-font-size\" style=\"color:#000000\">Dans ce r\u00e9cit, nous d\u00e9couvrirons son amour pour la Vierge Marie et comment sa m\u00e8re et la sainte Vierge ont conspir\u00e9 pour faire de lui un saint.<\/p>\n\n\n\n<div class=\"wp-block-buttons is-layout-flex wp-block-buttons-is-layout-flex\"><\/div>\n<\/div><\/div>\n<\/div><\/div>\n\n\n\n<br><br>\n\n\n\n<p><\/p>\n\n\n\n<div class=\"wp-block-media-text alignwide has-media-on-the-right is-stacked-on-mobile is-vertically-aligned-center\" style=\"grid-template-columns:auto 40%\"><figure class=\"wp-block-media-text__media\"><img loading=\"lazy\" decoding=\"async\" width=\"749\" height=\"562\" src=\"https:\/\/islghaiti.org\/site\/wp-content\/uploads\/2023\/06\/Saint-Charles-Borromee-donnant-la-premier-communion-a-Louis-de-Gonzague.jpg\" alt=\"\" class=\"wp-image-6556 size-full\" srcset=\"https:\/\/islghaiti.org\/site\/wp-content\/uploads\/2023\/06\/Saint-Charles-Borromee-donnant-la-premier-communion-a-Louis-de-Gonzague.jpg 749w, https:\/\/islghaiti.org\/site\/wp-content\/uploads\/2023\/06\/Saint-Charles-Borromee-donnant-la-premier-communion-a-Louis-de-Gonzague-300x225.jpg 300w\" sizes=\"auto, (max-width: 749px) 100vw, 749px\" \/><\/figure><div class=\"wp-block-media-text__content\">\n<h2 class=\"wp-block-heading has-text-color\" style=\"color:#000000;font-size:32px\">Naissance de Louis <\/h2>\n\n\n\n<p><\/p>\n\n\n\n<p class=\"has-text-color has-medium-font-size\" style=\"color:#000000\">Louis est n\u00e9 le 9 mars 1568 dans un magnifique ch\u00e2teau en Italie. Il \u00e9tait le premier enfant de Dona Marta et de Don Ferrante, le Seigneur de Castiglione. Son p\u00e8re r\u00eavait de le voir devenir un brillant chef de guerre, tandis que sa m\u00e8re aspirait \u00e0 faire de lui un saint. Cependant, \u00e0 sa naissance, Louis a failli mourir, mais sa m\u00e8re a fait une promesse \u00e0 la sainte Vierge, lui promettant de le conduire \u00e0 Lorette s&rsquo;il \u00e9tait sauv\u00e9.<\/p>\n\n\n\n<div class=\"wp-block-buttons is-layout-flex wp-block-buttons-is-layout-flex\"><\/div>\n<\/div><\/div>\n\n\n\n<br><br>\n\n\n\n<div class=\"wp-block-media-text alignwide is-stacked-on-mobile is-vertically-aligned-center\" style=\"grid-template-columns:40% auto\"><figure class=\"wp-block-media-text__media\"><img loading=\"lazy\" decoding=\"async\" width=\"899\" height=\"800\" src=\"https:\/\/islghaiti.org\/site\/wp-content\/uploads\/2023\/06\/Louis-de-Gonzague-Legende-Doree-de-mes-filleuls.jpeg\" alt=\"\" class=\"wp-image-6559 size-full\" srcset=\"https:\/\/islghaiti.org\/site\/wp-content\/uploads\/2023\/06\/Louis-de-Gonzague-Legende-Doree-de-mes-filleuls.jpeg 899w, https:\/\/islghaiti.org\/site\/wp-content\/uploads\/2023\/06\/Louis-de-Gonzague-Legende-Doree-de-mes-filleuls-300x267.jpeg 300w, https:\/\/islghaiti.org\/site\/wp-content\/uploads\/2023\/06\/Louis-de-Gonzague-Legende-Doree-de-mes-filleuls-768x683.jpeg 768w\" sizes=\"auto, (max-width: 899px) 100vw, 899px\" \/><\/figure><div class=\"wp-block-media-text__content\">\n<h2 class=\"wp-block-heading has-text-color\" style=\"color:#000000;font-size:32px\">La protection de la sainte Vierge<\/h2>\n\n\n\n<p><\/p>\n\n\n\n<p class=\"has-text-color has-medium-font-size\" style=\"color:#000000\">La pri\u00e8re de Dona Marta fut exauc\u00e9e, et la sainte Vierge regarda Louis comme son enfant \u00e0 deux reprises. Ainsi, les deux mamans de Louis, celle du ciel et celle de la terre, se sont unies pour faire de lui un saint. La petite ville de Castiglione \u00e9tait remplie de joie lors de son bapt\u00eame. Les enfants du pays ont re\u00e7u des m\u00e9dailles de la sainte Vierge en souvenir de Louis, contribuant ainsi \u00e0 faire aimer la Maman du ciel aux enfants.<\/p>\n\n\n\n<div class=\"wp-block-buttons is-layout-flex wp-block-buttons-is-layout-flex\"><\/div>\n<\/div><\/div>\n\n\n\n<br><br>\n\n\n\n<div class=\"wp-block-media-text alignwide has-media-on-the-right is-stacked-on-mobile is-vertically-aligned-center\" style=\"grid-template-columns:auto 40%\"><figure class=\"wp-block-media-text__media\"><img loading=\"lazy\" decoding=\"async\" width=\"385\" height=\"502\" src=\"https:\/\/islghaiti.org\/site\/wp-content\/uploads\/2023\/06\/Louis-de-Gonzague-venerant-la-Vierge-Marie.jpg\" alt=\"\" class=\"wp-image-6555 size-full\" srcset=\"https:\/\/islghaiti.org\/site\/wp-content\/uploads\/2023\/06\/Louis-de-Gonzague-venerant-la-Vierge-Marie.jpg 385w, https:\/\/islghaiti.org\/site\/wp-content\/uploads\/2023\/06\/Louis-de-Gonzague-venerant-la-Vierge-Marie-230x300.jpg 230w\" sizes=\"auto, (max-width: 385px) 100vw, 385px\" \/><\/figure><div class=\"wp-block-media-text__content\">\n<h2 class=\"wp-block-heading has-text-color\" style=\"color:#000000;font-size:32px\">L&rsquo;\u00e9ducation religieuse de Louis<\/h2>\n\n\n\n<p><\/p>\n\n\n\n<p class=\"has-text-color has-medium-font-size\" style=\"color:#000000\">Dona Marta a \u00e9lev\u00e9 son fils avec beaucoup de soin et lui a enseign\u00e9 d\u00e8s que possible les noms de J\u00e9sus et de Marie, ainsi que le Pater et l&rsquo;Ave. Prier Dieu et la sainte Vierge avec son fils \u00e9tait leur joie. Cependant, Dona Marta savait que lorsque Louis aurait cinq ans, il serait confi\u00e9 \u00e0 un gouverneur et qu&rsquo;il lui \u00e9chapperait en partie. Elle esp\u00e9rait donc qu&rsquo;il resterait toujours bon et pieux.<\/p>\n\n\n\n<div class=\"wp-block-buttons is-layout-flex wp-block-buttons-is-layout-flex\"><\/div>\n<\/div><\/div>\n\n\n\n<p> <\/p>\n\n\n\n<br><br>\n\n\n\n<div class=\"wp-block-media-text alignwide is-stacked-on-mobile is-vertically-aligned-center\" style=\"grid-template-columns:40% auto\"><figure class=\"wp-block-media-text__media\"><img loading=\"lazy\" decoding=\"async\" width=\"415\" height=\"534\" src=\"https:\/\/islghaiti.org\/site\/wp-content\/uploads\/2023\/06\/Saint-Louis-de-Gonzague-p02.jpeg\" alt=\"\" class=\"wp-image-6533 size-full\" srcset=\"https:\/\/islghaiti.org\/site\/wp-content\/uploads\/2023\/06\/Saint-Louis-de-Gonzague-p02.jpeg 415w, https:\/\/islghaiti.org\/site\/wp-content\/uploads\/2023\/06\/Saint-Louis-de-Gonzague-p02-233x300.jpeg 233w\" sizes=\"auto, (max-width: 415px) 100vw, 415px\" \/><\/figure><div class=\"wp-block-media-text__content\">\n<h2 class=\"wp-block-heading has-text-color\" style=\"color:#000000;font-size:32px\">Les aventures de Louis au camp militaire<\/h2>\n\n\n\n<p><\/p>\n\n\n\n<p class=\"has-text-color has-medium-font-size\" style=\"color:#000000\">Un jour, lorsque Louis atteignit l&rsquo;\u00e2ge de cinq ans, son p\u00e8re d\u00e9cida de l&#8217;emmener au camp de Casalmaggiore, o\u00f9 il pr\u00e9siderait les man\u0153uvres militaires. Louis \u00e9tait ravi \u00e0 l&rsquo;id\u00e9e de vivre dans un camp entour\u00e9 de soldats et de canons. Sa m\u00e8re, cependant, \u00e9tait inqui\u00e8te des dangers auxquels il serait expos\u00e9. Avant son d\u00e9part, elle lui recommanda d&rsquo;\u00eatre prudent et ob\u00e9issant, et elle le confia \u00e0 la sainte Vierge.<\/p>\n\n\n\n<p class=\"has-medium-font-size\">Au camp de Casalmaggiore, Louis s&rsquo;habilla en artilleur et parade devant les serviteurs avec fiert\u00e9. Il devint rapidement le chouchou du camp et participa \u00e0 des exercices militaires. Cependant, un jour, il se blessa avec son mousquet et son p\u00e8re d\u00e9cida de lui retirer la poudre. Louis, d\u00e9sob\u00e9issant, parvint \u00e0 se procurer de la poudre et tenta de tirer un canon, mais il se fit gronder par son p\u00e8re.<\/p>\n\n\n\n<div class=\"wp-block-buttons is-layout-flex wp-block-buttons-is-layout-flex\"><\/div>\n<\/div><\/div>\n\n\n\n<br><br>\n\n\n\n<div class=\"wp-block-media-text alignwide has-media-on-the-right is-stacked-on-mobile is-vertically-aligned-center\" style=\"grid-template-columns:auto 40%\"><figure class=\"wp-block-media-text__media\"><img loading=\"lazy\" decoding=\"async\" width=\"395\" height=\"556\" src=\"https:\/\/islghaiti.org\/site\/wp-content\/uploads\/2023\/06\/Saint-Louis-de-Gonzague-p08.jpeg\" alt=\"\" class=\"wp-image-6531 size-full\" srcset=\"https:\/\/islghaiti.org\/site\/wp-content\/uploads\/2023\/06\/Saint-Louis-de-Gonzague-p08.jpeg 395w, https:\/\/islghaiti.org\/site\/wp-content\/uploads\/2023\/06\/Saint-Louis-de-Gonzague-p08-213x300.jpeg 213w\" sizes=\"auto, (max-width: 395px) 100vw, 395px\" \/><\/figure><div class=\"wp-block-media-text__content\">\n<h2 class=\"wp-block-heading has-text-color\" style=\"color:#000000;font-size:32px\">Sa v\u00e9ritable vocation<\/h2>\n\n\n\n<p class=\"has-text-color has-medium-font-size\" style=\"color:#000000\"><\/p>\n\n\n\n<p class=\"has-medium-font-size\">Malgr\u00e9 les efforts de son p\u00e8re pour l&rsquo;endurcir, Louis se distinguait par sa douceur et sa sensibilit\u00e9. Il \u00e9tait profond\u00e9ment touch\u00e9 par la souffrance des autres et montrait une compassion naturelle envers les plus faibles et les plus d\u00e9munis. Les \u00e9preuves de la vie militaire ne correspondaient pas \u00e0 sa nature int\u00e9rieure.<\/p>\n\n\n\n<p class=\"has-medium-font-size\">Un jour, tandis qu&rsquo;il observait les soldats s&rsquo;entra\u00eener, Louis fut t\u00e9moin d&rsquo;une sc\u00e8ne tragique. Un homme bless\u00e9 gisait sur le sol, abandonn\u00e9 et n\u00e9glig\u00e9 par ses camarades. Louis fut boulevers\u00e9 par cette injustice et se pr\u00e9cipita pour aider le bless\u00e9. Il prit soin de lui avec une tendresse infinie, ignorant les moqueries et les railleries des autres soldats.<\/p>\n\n\n\n<p class=\"has-medium-font-size\">Cette exp\u00e9rience marqua un tournant d\u00e9cisif dans la vie de Louis. Il comprit qu&rsquo;il ne pouvait pas ignorer sa v\u00e9ritable vocation. Sa mission \u00e9tait d&rsquo;apporter l&rsquo;amour et la compassion aux plus vuln\u00e9rables, de soulager la souffrance du monde.<\/p>\n\n\n\n<div class=\"wp-block-buttons is-layout-flex wp-block-buttons-is-layout-flex\"><\/div>\n<\/div><\/div>\n\n\n\n<br><br>\n\n\n\n<div class=\"wp-block-media-text alignwide has-media-on-the-right is-stacked-on-mobile is-vertically-aligned-center\" style=\"grid-template-columns:auto 40%\"><figure class=\"wp-block-media-text__media\"><img loading=\"lazy\" decoding=\"async\" width=\"650\" height=\"380\" src=\"https:\/\/islghaiti.org\/site\/wp-content\/uploads\/2023\/06\/louis-de-gonzague.jpg\" alt=\"\" class=\"wp-image-6560 size-full\" srcset=\"https:\/\/islghaiti.org\/site\/wp-content\/uploads\/2023\/06\/louis-de-gonzague.jpg 650w, https:\/\/islghaiti.org\/site\/wp-content\/uploads\/2023\/06\/louis-de-gonzague-300x175.jpg 300w\" sizes=\"auto, (max-width: 650px) 100vw, 650px\" \/><\/figure><div class=\"wp-block-media-text__content\">\n<h2 class=\"wp-block-heading has-text-color\" style=\"color:#000000;font-size:32px\">La maladie de Louis et sa d\u00e9votion \u00e0 la sainte Vierge<\/h2>\n\n\n\n<p><\/p>\n\n\n\n<p class=\"has-medium-font-size\">Plus tard, Louis tomba gravement malade au camp. Malgr\u00e9 les soins de son p\u00e8re, sa sant\u00e9 d\u00e9clina rapidement. Pendant sa convalescence, il se consacra \u00e0 la pri\u00e8re et \u00e0 la lecture de livres religieux. Sa d\u00e9votion \u00e0 la sainte Vierge grandit et il lui adressa une pri\u00e8re fervente, lui demandant de le prendre sous sa protection. La sainte Vierge lui apparut en r\u00eave, le gu\u00e9rissant miraculeusement.<\/p>\n\n\n\n<div class=\"wp-block-buttons is-layout-flex wp-block-buttons-is-layout-flex\"><\/div>\n<\/div><\/div>\n\n\n\n<p><\/p>\n\n\n\n<br><br>\n\n\n\n<div class=\"wp-block-media-text alignwide is-stacked-on-mobile is-vertically-aligned-center\" style=\"grid-template-columns:40% auto\"><figure class=\"wp-block-media-text__media\"><img loading=\"lazy\" decoding=\"async\" width=\"390\" height=\"616\" src=\"https:\/\/islghaiti.org\/site\/wp-content\/uploads\/2023\/06\/Saint-Louis-de-Gonzague-p05.jpeg\" alt=\"\" class=\"wp-image-6532 size-full\" srcset=\"https:\/\/islghaiti.org\/site\/wp-content\/uploads\/2023\/06\/Saint-Louis-de-Gonzague-p05.jpeg 390w, https:\/\/islghaiti.org\/site\/wp-content\/uploads\/2023\/06\/Saint-Louis-de-Gonzague-p05-190x300.jpeg 190w\" sizes=\"auto, (max-width: 390px) 100vw, 390px\" \/><\/figure><div class=\"wp-block-media-text__content\">\n<h2 class=\"wp-block-heading has-text-color\" style=\"color:#000000;font-size:32px\">La d\u00e9cision de Louis de devenir j\u00e9suite<\/h2>\n\n\n\n<p><\/p>\n\n\n\n<p class=\"has-medium-font-size\">Apr\u00e8s sa gu\u00e9rison, Louis prit la d\u00e9cision de quitter la vie mondaine et de devenir j\u00e9suite. Son p\u00e8re s&rsquo;y opposa, mais Louis persista dans sa vocation religieuse. Il entra au noviciat des j\u00e9suites \u00e0 Rome, laissant derri\u00e8re lui son statut de futur seigneur de Castiglione. Louis embrassa une vie de pauvret\u00e9, de chastet\u00e9 et d&rsquo;ob\u00e9issance, se consacrant enti\u00e8rement \u00e0 Dieu et \u00e0 la sainte Vierge.<\/p>\n\n\n\n<div class=\"wp-block-buttons is-layout-flex wp-block-buttons-is-layout-flex\"><\/div>\n<\/div><\/div>\n\n\n\n<br><br>\n\n\n\n<p class=\"has-medium-font-size\">Ainsi, mes chers lecteurs, l&rsquo;histoire de Saint Louis de Gonzague nous rappelle l&rsquo;importance de suivre notre propre vocation, m\u00eame si cela signifie renoncer aux d\u00e9sirs et aux attentes du monde. Sa d\u00e9votion envers la Sainte Vierge Marie nous montre \u00e9galement l&rsquo;importance de la pri\u00e8re et de la confiance en Dieu dans notre vie quotidienne.<\/p>\n\n\n\n<p class=\"has-medium-font-size\">Louis de Gonzague est devenu un mod\u00e8le de saintet\u00e9 pour sa g\u00e9n\u00e9ration. Son amour pour la sainte Vierge et sa d\u00e9votion \u00e0 Dieu l&rsquo;ont guid\u00e9 tout au long de sa vie. Malgr\u00e9 son court s\u00e9jour sur terre, il a laiss\u00e9 un h\u00e9ritage d&rsquo;amour et de saintet\u00e9 qui continue d&rsquo;inspirer les croyants aujourd&rsquo;hui.<\/p>\n\n\n<div class=\"wp-block-image\">\n<figure class=\"aligncenter size-large\" id=\"tome1s3\"><a href=\"https:\/\/islghaiti.org\/site\/wp-content\/uploads\/2024\/05\/SeparatorSLG1.png\" data-rel=\"lightbox-image-0\" data-rl_title=\"\" data-rl_caption=\"\" title=\"\"><img loading=\"lazy\" decoding=\"async\" width=\"1024\" height=\"102\" src=\"https:\/\/islghaiti.org\/site\/wp-content\/uploads\/2024\/05\/SeparatorSLG1-1024x102.png\" alt=\"\" class=\"wp-image-8497\" srcset=\"https:\/\/islghaiti.org\/site\/wp-content\/uploads\/2024\/05\/SeparatorSLG1-1024x102.png 1024w, https:\/\/islghaiti.org\/site\/wp-content\/uploads\/2024\/05\/SeparatorSLG1-300x30.png 300w, https:\/\/islghaiti.org\/site\/wp-content\/uploads\/2024\/05\/SeparatorSLG1-768x76.png 768w, https:\/\/islghaiti.org\/site\/wp-content\/uploads\/2024\/05\/SeparatorSLG1.png 1055w\" sizes=\"auto, (max-width: 1024px) 100vw, 1024px\" \/><\/a><\/figure><\/div>\n\n\n<p class=\"has-text-align-right\"><em>ISA<\/em><\/p>\n\n\n\n<br><br>\n<div class=\"pld-like-dislike-wrap pld-template-1\">\r\n    <div class=\"pld-like-wrap  pld-common-wrap\">\r\n    <a href=\"javascript:void(0)\" class=\"pld-like-trigger pld-like-dislike-trigger  \" title=\"J&#039;aime\" data-post-id=\"5386\" data-trigger-type=\"like\" data-restriction=\"cookie\" data-already-liked=\"0\">\r\n                        <i class=\"fas fa-thumbs-up\"><\/i>\r\n                <\/a>\r\n    <span class=\"pld-like-count-wrap pld-count-wrap\">8    <\/span>\r\n<\/div><div class=\"pld-dislike-wrap  pld-common-wrap\">\r\n    <a href=\"javascript:void(0)\" class=\"pld-dislike-trigger pld-like-dislike-trigger  \" title=\"Je n&#039;aime pas\" data-post-id=\"5386\" data-trigger-type=\"dislike\" data-restriction=\"cookie\" data-already-liked=\"0\">\r\n                        <i class=\"fas fa-thumbs-down\"><\/i>\r\n                <\/a>\r\n    <span class=\"pld-dislike-count-wrap pld-count-wrap\">0<\/span>\r\n<\/div><\/div>","protected":false},"excerpt":{"rendered":"<p>Ainsi, mes chers lecteurs, l&rsquo;histoire de Saint Louis de Gonzague nous rappelle l&rsquo;importance de suivre notre propre vocation, m\u00eame si cela signifie renoncer aux d\u00e9sirs et aux attentes du monde. Sa d\u00e9votion envers la Sainte Vierge Marie nous montre \u00e9galement l&rsquo;importance de la pri\u00e8re et de la confiance en Dieu dans notre vie quotidienne. Louis &hellip; <a href=\"\/site\/louisdegonzague\/\">Continue reading <span class=\"meta-nav\">&rarr;<\/span><\/a><\/p>\n","protected":false},"author":16,"featured_media":5387,"parent":0,"menu_order":0,"comment_status":"open","ping_status":"closed","template":"template-full-width.php","meta":{"_eb_attr":"","footnotes":""},"class_list":["post-5386","page","type-page","status-publish","has-post-thumbnail","hentry"],"_links":{"self":[{"href":"\/site\/wp-json\/wp\/v2\/pages\/5386","targetHints":{"allow":["GET"]}}],"collection":[{"href":"\/site\/wp-json\/wp\/v2\/pages"}],"about":[{"href":"\/site\/wp-json\/wp\/v2\/types\/page"}],"author":[{"embeddable":true,"href":"\/site\/wp-json\/wp\/v2\/users\/16"}],"replies":[{"embeddable":true,"href":"\/site\/wp-json\/wp\/v2\/comments?post=5386"}],"version-history":[{"count":11,"href":"\/site\/wp-json\/wp\/v2\/pages\/5386\/revisions"}],"predecessor-version":[{"id":6703,"href":"\/site\/wp-json\/wp\/v2\/pages\/5386\/revisions\/6703"}],"wp:featuredmedia":[{"embeddable":true,"href":"\/site\/wp-json\/wp\/v2\/media\/5387"}],"wp:attachment":[{"href":"\/site\/wp-json\/wp\/v2\/media?parent=5386"}],"curies":[{"name":"wp","href":"https:\/\/api.w.org\/{rel}","templated":true}]}}