{"id":8145,"date":"2024-02-19T12:56:19","date_gmt":"2024-02-19T17:56:19","guid":{"rendered":"\/site\/?page_id=8145"},"modified":"2024-02-21T16:11:09","modified_gmt":"2024-02-21T21:11:09","slug":"mathematiques-s4","status":"publish","type":"page","link":"\/site\/mathematiques-s4\/","title":{"rendered":"Math\u00e9matiques S4"},"content":{"rendered":"\n<ul class=\"menu2\">\n    <li class=\"menu2\"><a class=\"menu2active\" href=\"#s4svtsmp\"><strong><u>SVT-SMP<\/u><\/strong><\/a><\/li>\n    <li class=\"menu2\"><a href=\"#s4ses\" =\"\"=\"\"><strong> SES <\/strong><\/a><\/li>\n    <li class=\"menu2\"><a href=\"#s4lla\" =\"\"=\"\"><strong> LLA <\/strong><\/a><\/li>\n<\/ul>\n\n\n<div class=\"wp-block-image\">\n<figure class=\"aligncenter size-large\" id=\"tome1s3\"><a href=\"https:\/\/islghaiti.org\/site\/wp-content\/uploads\/2024\/05\/SeparatorSLG1.png\" data-rel=\"lightbox-image-0\" data-rl_title=\"\" data-rl_caption=\"\" title=\"\"><img loading=\"lazy\" decoding=\"async\" width=\"1024\" height=\"102\" src=\"https:\/\/islghaiti.org\/site\/wp-content\/uploads\/2024\/05\/SeparatorSLG1-1024x102.png\" alt=\"\" class=\"wp-image-8497\" srcset=\"https:\/\/islghaiti.org\/site\/wp-content\/uploads\/2024\/05\/SeparatorSLG1-1024x102.png 1024w, https:\/\/islghaiti.org\/site\/wp-content\/uploads\/2024\/05\/SeparatorSLG1-300x30.png 300w, https:\/\/islghaiti.org\/site\/wp-content\/uploads\/2024\/05\/SeparatorSLG1-768x76.png 768w, https:\/\/islghaiti.org\/site\/wp-content\/uploads\/2024\/05\/SeparatorSLG1.png 1055w\" sizes=\"auto, (max-width: 1024px) 100vw, 1024px\" \/><\/a><\/figure><\/div>\n\n\n<h2 class=\"wp-block-heading\" id=\"s4svtsmp\"><em>Secondaire IV &#8211; SVT &#8211; SMP &#8211; Liens vid\u00e9os<\/em><\/h2>\n\n\n\n<div class=\"wp-block-pdf-viewer-block-standard\" style=\"text-align:left\"><div class=\"uploaded-pdf\"><a href=\"https:\/\/islghaiti.org\/site\/wp-content\/uploads\/2024\/02\/Presemtation-de-S4_SVT-SMP.pdf\" data-width=\"\" data-height=\"1200\"><\/a><\/div><\/div>\n\n\n\n<p><\/p>\n\n\n<div class=\"wp-block-image\">\n<figure class=\"aligncenter size-large\" id=\"tome1s3\"><a href=\"https:\/\/islghaiti.org\/site\/wp-content\/uploads\/2024\/05\/SeparatorSLG1.png\" data-rel=\"lightbox-image-0\" data-rl_title=\"\" data-rl_caption=\"\" title=\"\"><img loading=\"lazy\" decoding=\"async\" width=\"1024\" height=\"102\" src=\"https:\/\/islghaiti.org\/site\/wp-content\/uploads\/2024\/05\/SeparatorSLG1-1024x102.png\" alt=\"\" class=\"wp-image-8497\" srcset=\"https:\/\/islghaiti.org\/site\/wp-content\/uploads\/2024\/05\/SeparatorSLG1-1024x102.png 1024w, https:\/\/islghaiti.org\/site\/wp-content\/uploads\/2024\/05\/SeparatorSLG1-300x30.png 300w, https:\/\/islghaiti.org\/site\/wp-content\/uploads\/2024\/05\/SeparatorSLG1-768x76.png 768w, https:\/\/islghaiti.org\/site\/wp-content\/uploads\/2024\/05\/SeparatorSLG1.png 1055w\" sizes=\"auto, (max-width: 1024px) 100vw, 1024px\" \/><\/a><\/figure><\/div>\n\n\n<h2 class=\"wp-block-heading\" id=\"s4ses\"><em>Secondaire IV &#8211; SES &#8211; Liens vid\u00e9os<\/em><\/h2>\n\n\n\n<div class=\"wp-block-pdf-viewer-block-standard\" style=\"text-align:left\"><div class=\"uploaded-pdf\"><a href=\"https:\/\/islghaiti.org\/site\/wp-content\/uploads\/2024\/02\/0.-Presentation-de-S4-SES-avec-liens-YT-2.pdf\" data-width=\"\" data-height=\"1200\"><\/a><\/div><\/div>\n\n\n\n<p><\/p>\n\n\n<div class=\"wp-block-image\">\n<figure class=\"aligncenter size-large\" id=\"tome1s3\"><a href=\"https:\/\/islghaiti.org\/site\/wp-content\/uploads\/2024\/05\/SeparatorSLG1.png\" data-rel=\"lightbox-image-0\" data-rl_title=\"\" data-rl_caption=\"\" title=\"\"><img loading=\"lazy\" decoding=\"async\" width=\"1024\" height=\"102\" src=\"https:\/\/islghaiti.org\/site\/wp-content\/uploads\/2024\/05\/SeparatorSLG1-1024x102.png\" alt=\"\" class=\"wp-image-8497\" srcset=\"https:\/\/islghaiti.org\/site\/wp-content\/uploads\/2024\/05\/SeparatorSLG1-1024x102.png 1024w, https:\/\/islghaiti.org\/site\/wp-content\/uploads\/2024\/05\/SeparatorSLG1-300x30.png 300w, https:\/\/islghaiti.org\/site\/wp-content\/uploads\/2024\/05\/SeparatorSLG1-768x76.png 768w, https:\/\/islghaiti.org\/site\/wp-content\/uploads\/2024\/05\/SeparatorSLG1.png 1055w\" sizes=\"auto, (max-width: 1024px) 100vw, 1024px\" \/><\/a><\/figure><\/div>\n\n\n<h2 class=\"wp-block-heading\" id=\"s4lla\"><em>Secondaire IV &#8211; LLA &#8211; Liens vid\u00e9os<\/em><\/h2>\n\n\n\n<div class=\"wp-block-pdf-viewer-block-standard\" style=\"text-align:left\"><div class=\"uploaded-pdf\"><a href=\"https:\/\/islghaiti.org\/site\/wp-content\/uploads\/2024\/02\/00.-Presentation-de-S4-LLA-avec-liens-YT-2.pdf\" data-width=\"\" data-height=\"1200\"><\/a><\/div><\/div>\n\n\n\n<p><\/p>\n\n\n<div class=\"wp-block-image\">\n<figure class=\"aligncenter size-large\" id=\"tome1s3\"><a href=\"https:\/\/islghaiti.org\/site\/wp-content\/uploads\/2024\/05\/SeparatorSLG1.png\" data-rel=\"lightbox-image-0\" data-rl_title=\"\" data-rl_caption=\"\" title=\"\"><img loading=\"lazy\" decoding=\"async\" width=\"1024\" height=\"102\" src=\"https:\/\/islghaiti.org\/site\/wp-content\/uploads\/2024\/05\/SeparatorSLG1-1024x102.png\" alt=\"\" class=\"wp-image-8497\" srcset=\"https:\/\/islghaiti.org\/site\/wp-content\/uploads\/2024\/05\/SeparatorSLG1-1024x102.png 1024w, https:\/\/islghaiti.org\/site\/wp-content\/uploads\/2024\/05\/SeparatorSLG1-300x30.png 300w, https:\/\/islghaiti.org\/site\/wp-content\/uploads\/2024\/05\/SeparatorSLG1-768x76.png 768w, https:\/\/islghaiti.org\/site\/wp-content\/uploads\/2024\/05\/SeparatorSLG1.png 1055w\" sizes=\"auto, (max-width: 1024px) 100vw, 1024px\" \/><\/a><\/figure><\/div>\n\n\n<button onclick=\"topFunction()\" id=\"scrollToTopBtn\" title=\"Go to top\">\u2191Retour<\/button>\n<script>\n\/\/ Get the button\nlet mybutton = document.getElementById(\"scrollToTopBtn\");\n\n\/\/ When the user scrolls down 20px from the top of the document, show the button\nwindow.onscroll = function() {scrollFunction()};\n\nfunction scrollFunction() {\n  if (document.body.scrollTop > 20 || document.documentElement.scrollTop > 20) {\n    mybutton.style.display = \"block\";\n  } else {\n    mybutton.style.display = \"none\";\n  }\n}\n\n\/\/ When the user clicks on the button, scroll to the top of the document\nfunction topFunction() {\n  document.body.scrollTop = 0;\n  document.documentElement.scrollTop = 0;\n}\n<\/script>\n<div class=\"pld-like-dislike-wrap pld-template-1\">\r\n    <div class=\"pld-like-wrap  pld-common-wrap\">\r\n    <a href=\"javascript:void(0)\" class=\"pld-like-trigger pld-like-dislike-trigger  \" title=\"J&#039;aime\" data-post-id=\"8145\" data-trigger-type=\"like\" data-restriction=\"cookie\" data-already-liked=\"0\">\r\n                        <i class=\"fas fa-thumbs-up\"><\/i>\r\n                <\/a>\r\n    <span class=\"pld-like-count-wrap pld-count-wrap\">4    <\/span>\r\n<\/div><div class=\"pld-dislike-wrap  pld-common-wrap\">\r\n    <a href=\"javascript:void(0)\" class=\"pld-dislike-trigger pld-like-dislike-trigger  \" title=\"Je n&#039;aime pas\" data-post-id=\"8145\" data-trigger-type=\"dislike\" data-restriction=\"cookie\" data-already-liked=\"0\">\r\n                        <i class=\"fas fa-thumbs-down\"><\/i>\r\n                <\/a>\r\n    <span class=\"pld-dislike-count-wrap pld-count-wrap\">0<\/span>\r\n<\/div><\/div>","protected":false},"excerpt":{"rendered":"<p>SVT-SMP SES LLA Secondaire IV &#8211; SVT &#8211; SMP &#8211; Liens vid\u00e9os Secondaire IV &#8211; SES &#8211; Liens vid\u00e9os Secondaire IV &#8211; LLA &#8211; Liens vid\u00e9os \u2191Retour 4 0<\/p>\n","protected":false},"author":16,"featured_media":0,"parent":0,"menu_order":0,"comment_status":"closed","ping_status":"closed","template":"template-full-width.php","meta":{"_eb_attr":"","footnotes":""},"class_list":["post-8145","page","type-page","status-publish","hentry"],"_links":{"self":[{"href":"\/site\/wp-json\/wp\/v2\/pages\/8145","targetHints":{"allow":["GET"]}}],"collection":[{"href":"\/site\/wp-json\/wp\/v2\/pages"}],"about":[{"href":"\/site\/wp-json\/wp\/v2\/types\/page"}],"author":[{"embeddable":true,"href":"\/site\/wp-json\/wp\/v2\/users\/16"}],"replies":[{"embeddable":true,"href":"\/site\/wp-json\/wp\/v2\/comments?post=8145"}],"version-history":[{"count":9,"href":"\/site\/wp-json\/wp\/v2\/pages\/8145\/revisions"}],"predecessor-version":[{"id":8235,"href":"\/site\/wp-json\/wp\/v2\/pages\/8145\/revisions\/8235"}],"wp:attachment":[{"href":"\/site\/wp-json\/wp\/v2\/media?parent=8145"}],"curies":[{"name":"wp","href":"https:\/\/api.w.org\/{rel}","templated":true}]}}