{"id":8436,"date":"2024-04-24T17:20:52","date_gmt":"2024-04-24T21:20:52","guid":{"rendered":"\/site\/?page_id=8436"},"modified":"2024-04-24T17:20:53","modified_gmt":"2024-04-24T21:20:53","slug":"slg-menfp-formulaire-de-declaration-des-eleves","status":"publish","type":"page","link":"\/site\/slg-menfp-formulaire-de-declaration-des-eleves\/","title":{"rendered":"SLG-MENFP-Formulaire de d\u00e9claration des \u00e9l\u00e8ves"},"content":{"rendered":"\n<style>\n        div.entry-content.clearfix {\n            \/* Set a background image for the body *\/\n            background-image: url('\/site\/wp-content\/uploads\/2024\/01\/Slg_logo-10perc.png');\n            \n            \/* Set the background image to cover the entire body *\/\n            background-size: cover;\n            background-size: fit-content;\n            \/* Make the image semi-transparent for a watermark effect *\/\n            opacity: 1;\n            \/* Adjust other properties based on your requirements *\/\n            \/* For example, position the image at the bottom right corner *\/\n            background-position: center;\n            \/* Repeat the image across the entire body *\/\n            background-repeat: no-repeat;\n        }\n<\/style>\n\n\n\n\n\n<br><br><br><br>\n<div class=\"pld-like-dislike-wrap pld-template-1\">\r\n    <div class=\"pld-like-wrap  pld-common-wrap\">\r\n    <a href=\"javascript:void(0)\" class=\"pld-like-trigger pld-like-dislike-trigger  \" title=\"J&#039;aime\" data-post-id=\"8436\" data-trigger-type=\"like\" data-restriction=\"cookie\" data-already-liked=\"0\">\r\n                        <i class=\"fas fa-thumbs-up\"><\/i>\r\n                <\/a>\r\n    <span class=\"pld-like-count-wrap pld-count-wrap\">206    <\/span>\r\n<\/div><div class=\"pld-dislike-wrap  pld-common-wrap\">\r\n    <a href=\"javascript:void(0)\" class=\"pld-dislike-trigger pld-like-dislike-trigger  \" title=\"Je n&#039;aime pas\" data-post-id=\"8436\" data-trigger-type=\"dislike\" data-restriction=\"cookie\" data-already-liked=\"0\">\r\n                        <i class=\"fas fa-thumbs-down\"><\/i>\r\n                <\/a>\r\n    <span class=\"pld-dislike-count-wrap pld-count-wrap\">83<\/span>\r\n<\/div><\/div>","protected":false},"excerpt":{"rendered":"<p>206 83<\/p>\n","protected":false},"author":16,"featured_media":842,"parent":0,"menu_order":0,"comment_status":"closed","ping_status":"closed","template":"template-full-width.php","meta":{"_eb_attr":"","footnotes":""},"class_list":["post-8436","page","type-page","status-publish","has-post-thumbnail","hentry"],"_links":{"self":[{"href":"\/site\/wp-json\/wp\/v2\/pages\/8436","targetHints":{"allow":["GET"]}}],"collection":[{"href":"\/site\/wp-json\/wp\/v2\/pages"}],"about":[{"href":"\/site\/wp-json\/wp\/v2\/types\/page"}],"author":[{"embeddable":true,"href":"\/site\/wp-json\/wp\/v2\/users\/16"}],"replies":[{"embeddable":true,"href":"\/site\/wp-json\/wp\/v2\/comments?post=8436"}],"version-history":[{"count":3,"href":"\/site\/wp-json\/wp\/v2\/pages\/8436\/revisions"}],"predecessor-version":[{"id":8439,"href":"\/site\/wp-json\/wp\/v2\/pages\/8436\/revisions\/8439"}],"wp:featuredmedia":[{"embeddable":true,"href":"\/site\/wp-json\/wp\/v2\/media\/842"}],"wp:attachment":[{"href":"\/site\/wp-json\/wp\/v2\/media?parent=8436"}],"curies":[{"name":"wp","href":"https:\/\/api.w.org\/{rel}","templated":true}]}}